{"id":225,"date":"2020-05-02T18:02:48","date_gmt":"2020-05-02T09:02:48","guid":{"rendered":"http:\/\/kokoroigo.site\/wp\/?page_id=153"},"modified":"2020-06-12T06:18:58","modified_gmt":"2020-06-11T21:18:58","slug":"e3-83-88-e3-83-83-e3-83-83-83-97","status":"publish","type":"page","link":"https:\/\/kokoroigo.site\/?page_id=225&lang=vi","title":{"rendered":"Top_vi"},"content":{"rendered":"\n<h2 class=\"wp-block-heading\">Nh\u00e2n d\u1ecbp ra m\u1eaft trang web &#8220;con t\u00e0u kh\u00e1t v\u1ecdng&#8221;<\/h2>\n\n\n\n<h4 class=\"wp-block-heading\">\u25a0 Trang web &#8220;con t\u00e0u kh\u00e1t v\u1ecdng&#8221; v\u00e0 Ofunato &#8211; th\u1ecb tr\u1ea5n c\u1edd v\u00e2y<\/h4>\n\n\n\n<p>&nbsp;V\u1edbi m\u1ee5c ti\u00eau h\u1ed7 tr\u1ee3 vi\u1ec7c t\u00e1i thi\u1ebft th\u00e0nh ph\u1ed1 Ofunato, t\u1ec9nh Iwate, n\u01a1i b\u1ecb t\u00e0n ph\u00e1 b\u1edfi tr\u1eadn \u0111\u1ed9ng \u0111\u1ea5t l\u1edbn \u1edf ph\u00eda \u0110\u00f4ng Nh\u1eadt B\u1ea3n n\u0103m 2011, ch\u00fang t\u00f4i \u0111\u00e3 n\u1ed7 l\u1ef1c ph\u00e1t tri\u1ec3n d\u1ef1 \u00e1n &#8220;t\u00e1i thi\u1ebft v\u00e0 qu\u1ea3ng b\u00e1 Ofunato &#8211; th\u1ecb tr\u1ea5n c\u1edd v\u00e2y&#8221;.<br>&nbsp;V\u00e0o th\u00e1ng 2 n\u0103m 2014, nh\u1eefng ng\u01b0\u1eddi \u0111ang ho\u1ea1t \u0111\u1ed9ng t\u1ea1i nhi\u1ec1u l\u0129nh v\u1ef1c kh\u00e1c nhau nh\u01b0 ph\u00f2ng ch\u1ed1ng thi\u00ean tai, c\u1edd v\u00e2y, \u00e2m nh\u1ea1c, h\u1ed7 tr\u1ee3 ng\u01b0\u1eddi khuy\u1ebft t\u1eadt, giao l\u01b0u qu\u1ed1c t\u1ebf \u0111\u00e3 chung tay h\u1ee3p t\u00e1c \u0111\u1ec3 th\u00e0nh l\u1eadp \u1ee6y ban \u0110i\u1ec1u h\u00e0nh l\u1ec5 h\u1ed9i c\u1edd v\u00e2y t\u1ea1i b\u1edd bi\u1ec3n Goishi.<br>&nbsp;\u0110\u1ebfn nay, \u1ee7y ban \u0111\u00e3 t\u1ed5 ch\u1ee9c th\u00e0nh c\u00f4ng&nbsp; &#8220;l\u1ec5 h\u1ed9i c\u1edd v\u00e2y&#8221; s\u00e1u l\u1ea7n v\u00e0 hai gi\u1ea3i \u0111\u1ea5u c\u1edd v\u00e2y (gi\u1ea3i Kisei v\u00e0 Honinbo). Th\u00e1ng 9 n\u0103m nay, l\u1ec5 h\u1ed9i v\u0103n h\u00f3a ngh\u1ec7 thu\u1eadt c\u1edd v\u00e2y th\u1ebf gi\u1edbi l\u1ea7n th\u1ee9 7 v\u00e0 gi\u1ea3i \u0111\u1ea5u k\u1ef3 t\u00e0i l\u1ea7n th\u1ee9 45 d\u1ef1 \u0111\u1ecbnh s\u1ebd \u0111\u01b0\u1ee3c t\u1ed5 ch\u1ee9c.<br>&nbsp;Sau nh\u1eefng n\u1ed7 l\u1ef1c trong th\u1eddi gian v\u1eeba qua, ch\u00fang t\u00f4i \u0111\u00e3 cho ra \u0111\u1eddi trang web &#8220;con t\u00e0u kh\u00e1t v\u1ecdng&#8221;.<\/p>\n\n\n\n<h4 class=\"wp-block-heading\">\u25a0 B\u1ec7nh vi\u00eam \u0111\u01b0\u1eddng h\u00f4 h\u1ea5p c\u1ea5p do ch\u1ee7ng m\u1edbi c\u1ee7a virus Corona v\u00e0 \u1ee6y ban li\u00ean l\u1ea1c corona<\/h4>\n\n\n\n<p>&nbsp;Th\u00e1ng 12 n\u0103m 2019, b\u1ec7nh vi\u00eam \u0111\u01b0\u1eddng h\u00f4 h\u1ea5p c\u1ea5p do ch\u1ee7ng m\u1edbi c\u1ee7a virus Corona \u0111\u00e3 b\u00f9ng ph\u00e1t \u1edf V\u0169 H\u00e1n, Trung Qu\u1ed1c v\u00e0 lan ra kh\u1eafp th\u1ebf gi\u1edbi trong m\u1ed9t kho\u1ea3ng th\u1eddi gian ng\u1eafn.<br>&nbsp;Gi\u1ed1ng nh\u01b0 \u0111\u1ea1i d\u1ecbch x\u1ea3y ra m\u1ed9t tr\u0103m n\u0103m m\u1ed9t l\u1ea7n, Corona l\u00e0m \u0111\u1ea3o l\u1ed9n c\u1ea3 th\u1ebf gi\u1edbi.<br>&nbsp;\u1ede Nh\u1eadt B\u1ea3n c\u0169ng v\u1eady, m\u1ed9t x\u00e3 h\u1ed9i h\u1ea1n ch\u1ebf &#8220;ti\u1ebfp x\u00fac, t\u1ee5 t\u1eadp&#8221; \u0111\u1ec3 ng\u0103n ch\u1eb7n nguy c\u01a1 s\u1ee5p \u0111\u1ed5 h\u1ec7 th\u1ed1ng y t\u1ebf v\u00e0 s\u1ef1 l\u00e2y lan c\u1ee7a d\u1ecbch b\u1ec7nh \u0111\u00e3 b\u1eaft \u0111\u1ea7u.<br>&nbsp;Ng\u00e0y 2 th\u00e1ng 3, 62 ng\u01b0\u1eddi trong \u0111\u00f3 c\u00f3 \u00f4ng Masamichi Kitani, \u00f4ng Shiro Asano (Gi\u1ea3ng vi\u00ean th\u1ec9nh gi\u1ea3ng t\u1ea1i \u0110\u1ea1i h\u1ecdc Kanagawa), \u00f4ng Itsuki Nakabayashi (Gi\u1ea3ng vi\u00ean th\u1ec9nh gi\u1ea3ng t\u1ea1i \u0110\u1ea1i h\u1ecdc Tokyo Metropolitan), \u00f4ng Shunji Mikami (Gi\u1ea3ng vi\u00ean th\u1ec9nh gi\u1ea3ng t\u1ea1i \u0110\u1ea1i h\u1ecdc Toyo) \u0111\u00e3 ph\u00e1t bi\u1ec3u tuy\u00ean b\u1ed1 kh\u1ea9n c\u1ea5p v\u00e0 th\u00e0nh l\u1eadp \u1ee6y ban li\u00ean l\u1ea1c Corona (Ban li\u00ean l\u1ea1c c\u1ed9ng \u0111\u1ed3ng nh\u1eb1m m\u1ee5c \u0111\u00edch ch\u1ea5m d\u1ee9t d\u1ecbch Covid-19).<\/p>\n\n\n\n<p><\/p>\n\n\n\n<h4 class=\"wp-block-heading\">\u25a0 Ra m\u1eaft Miracle TV, k\u00eanh truy\u1ec1n h\u00ecnh tr\u1ef1c tuy\u1ebfn s\u1eed d\u1ee5ng \u1ee9ng d\u1ee5ng ZOOM v\u00e0 trang web &#8220;con t\u00e0u kh\u00e1t v\u1ecdng&#8221;<\/h4>\n\n\n\n<p>&nbsp;\u0110\u1ec3 chu\u1ea9n b\u1ecb cho cu\u1ed9c chi\u1ebfn tr\u01b0\u1eddng k\u1ef3 ch\u1ed1ng l\u1ea1i virus Corona, ch\u00fang t\u00f4i \u0111\u00e3 quy\u1ebft \u0111\u1ecbnh cho ra \u0111\u1eddi k\u00eanh truy\u1ec1n h\u00ecnh tr\u1ef1c tuy\u1ebfn t\u01b0\u01a1ng t\u00e1c s\u1eed d\u1ee5ng h\u1ec7 th\u1ed1ng h\u1ed9i ngh\u1ecb truy\u1ec1n h\u00ecnh ZOOM.<br>&nbsp;T\u00f4i ngh\u0129 r\u1eb1ng vi\u1ec7c s\u1eed d\u1ee5ng ZOOM v\u1edbi vai tr\u00f2 nh\u01b0 m\u1ed9t \u0111\u00e0i truy\u1ec1n h\u00ecnh n\u00e0y l\u00e0 th\u1eed nghi\u1ec7m \u0111\u1ea7u ti\u00ean tr\u00ean th\u1ebf gi\u1edbi.<br>&nbsp;N\u1ebfu kh\u00f4ng th\u1ec3 t\u1ed5 ch\u1ee9c l\u1ec5 h\u1ed9i v\u0103n h\u00f3a ngh\u1ec7 thu\u1eadt c\u1edd v\u00e2y th\u1ebf gi\u1edbi t\u1ea1i \u0111\u1ecba ph\u01b0\u01a1ng th\u00ec ch\u00fang t\u00f4i s\u1ebd t\u1ed5 ch\u1ee9c qua k\u00eanh Miracle TV.<br>&nbsp;Ch\u00fang t\u00f4i mu\u1ed1n t\u1ea1o m\u1ed9t m\u1ea1ng l\u01b0\u1edbi li\u00ean k\u1ebft gi\u1eefa Miracle TV, trang web &#8220;con t\u00e0u kh\u00e1t v\u1ecdng&#8221;, youtube v\u00e0 youstream \u0111\u1ec3 k\u1ebft n\u1ed1i m\u1ecdi ng\u01b0\u1eddi tr\u01b0\u1edbc ti\u00ean l\u00e0 \u1edf Ofunato, r\u1ed3i v\u01b0\u01a1n ra kh\u1eafp Nh\u1eadt B\u1ea3n v\u00e0 th\u1ebf gi\u1edbi.<br>&nbsp;Ch\u00fang ta h\u00e3y c\u00f9ng chung tay bi\u1ebfn cu\u1ed9c kh\u1ee7ng ho\u1ea3ng n\u00e0y th\u00e0nh hy v\u1ecdng!<\/p>\n\n\n\n<p>Ng\u00e0y 30 th\u00e1ng 3 n\u0103m 2020<\/p>\n\n\n\n<h4 class=\"wp-block-heading\">Masamichi\u3000KITANI<br>Ch\u1ee7 t\u1ecbch U\u1ef7 ban \u0111i\u1ec1u h\u00e0nh Ofunato &#8211; th\u1ecb tr\u1ea5n c\u1edd v\u00e2y<\/h4>\n\n\n\n<div class=\"wp-block-buttons aligncenter is-layout-flex wp-block-buttons-is-layout-flex\">\n<div class=\"wp-block-button\"><a class=\"wp-block-button__link has-text-color has-very-light-gray-color has-background\" style=\"background:linear-gradient(180deg,rgba(6,147,227,1) 0%,rgb(155,81,224) 100%)\" rel=\"http:\/\/miracletv.site\/\">Miracle TV &#8220;con t\u00e0u kh\u00e1t v\u1ecdng&#8221;<\/a><\/div>\n<\/div>\n\n\n\n<p><\/p>\n","protected":false},"excerpt":{"rendered":"Nh\u00e2n d\u1ecbp ra m\u1eaft trang web &#8220;con t\u00e0u kh\u00e1t v\u1ecdng&#8221; \u25a0 Trang web &#8220;con t\u00e0u kh\u00e1t v\u1ecdng&#8221...","protected":false},"author":1,"featured_media":0,"parent":0,"menu_order":0,"comment_status":"closed","ping_status":"closed","template":"","meta":{"footnotes":""},"class_list":["post-225","page","type-page","status-publish","hentry"],"_links":{"self":[{"href":"https:\/\/kokoroigo.site\/index.php?rest_route=\/wp\/v2\/pages\/225","targetHints":{"allow":["GET"]}}],"collection":[{"href":"https:\/\/kokoroigo.site\/index.php?rest_route=\/wp\/v2\/pages"}],"about":[{"href":"https:\/\/kokoroigo.site\/index.php?rest_route=\/wp\/v2\/types\/page"}],"author":[{"embeddable":true,"href":"https:\/\/kokoroigo.site\/index.php?rest_route=\/wp\/v2\/users\/1"}],"replies":[{"embeddable":true,"href":"https:\/\/kokoroigo.site\/index.php?rest_route=%2Fwp%2Fv2%2Fcomments&post=225"}],"version-history":[{"count":9,"href":"https:\/\/kokoroigo.site\/index.php?rest_route=\/wp\/v2\/pages\/225\/revisions"}],"predecessor-version":[{"id":557,"href":"https:\/\/kokoroigo.site\/index.php?rest_route=\/wp\/v2\/pages\/225\/revisions\/557"}],"wp:attachment":[{"href":"https:\/\/kokoroigo.site\/index.php?rest_route=%2Fwp%2Fv2%2Fmedia&parent=225"}],"curies":[{"name":"wp","href":"https:\/\/api.w.org\/{rel}","templated":true}]}}