{"id":230,"date":"2020-05-02T03:24:10","date_gmt":"2020-05-01T18:24:10","guid":{"rendered":"http:\/\/kokoroigo.site\/wp\/?page_id=133"},"modified":"2020-06-09T09:32:30","modified_gmt":"2020-06-09T00:32:30","slug":"allez","status":"publish","type":"page","link":"https:\/\/kokoroigo.site\/?page_id=230&lang=fr","title":{"rendered":"Allez"},"content":{"rendered":"\n<h2 class=\"wp-block-heading\">Souvenirs de mes jours en tant qu&#8217;apprenti r\u00e9sident de mon ma\u00eetre Go<\/h2>\n\n\n\n<div class=\"wp-block-columns is-layout-flex wp-container-core-columns-is-layout-9d6595d7 wp-block-columns-is-layout-flex\">\n<div class=\"wp-block-column is-layout-flow wp-block-column-is-layout-flow\" style=\"flex-basis:40%\">\n<figure class=\"wp-block-image size-large\"><img decoding=\"async\" src=\"https:\/\/kokoroigo.site\/wp\/wp-content\/uploads\/2020\/06\/chou.jpg\" alt=\"\"\/><\/figure>\n<\/div>\n\n\n\n<div class=\"wp-block-column is-layout-flow wp-block-column-is-layout-flow\" style=\"flex-basis:66.66%\">\n<h3 class=\"wp-block-heading\">Chifun CHO<\/h3>\n\n\n\n<h4 class=\"wp-block-heading\">9th dan, Nihon Ki-in (Japan Go Association)<\/h4>\n<\/div>\n<\/div>\n\n\n\n<p>Quand j&#8217;avais six ans, je suis arriv\u00e9e comme seule cor\u00e9enne au centre de formation de Kitani Go.<\/p>\n\n\n\n<p>J&#8217;\u00e9tais l\u00e0 pour en savoir plus sur le jeu de plateau japonais de Go. Au centre, je me souviens qu&#8217;il y avait le ma\u00eetre, Mme Kitani, sept enfants, une dizaine d&#8217;apprentis r\u00e9sidents et une dizaine d&#8217;apprentis non r\u00e9sidents. Bien s\u00fbr, nous n&#8217;avions pas nos propres chambres. La grande pi\u00e8ce o\u00f9 nous \u00e9tudiions le jour \u00e9tait l&#8217;endroit o\u00f9 nous dormions la nuit.<\/p>\n\n\n\n<p>Les apprentis r\u00e9sidents \u00e9taient connus comme des enfants prodiges et sont venus de tout le Japon. Les apprentis non r\u00e9sidents faisaient la navette quotidiennement depuis leur domicile \u00e0 Tokyo. Bien que les apprentis r\u00e9sidents devaient \u00eatre des enfants surdou\u00e9s, les non-r\u00e9sidents \u00e9taient certainement tr\u00e8s talentueux.<\/p>\n\n\n\n<p>En grandissant, j&#8217;ai commenc\u00e9 \u00e0 gagner des titres, j&#8217;ai r\u00e9ussi, et j&#8217;ai \u00e9t\u00e9 souvent interview\u00e9 par des journalistes. Au d\u00e9but, la premi\u00e8re question qu&#8217;ils me posaient toujours \u00e9tait \u00e0 quel point c&#8217;\u00e9tait solitaire et difficile pour moi en tant que solitaire de 6 ans en provenance de Cor\u00e9e, et y avait-il de l&#8217;intimidation? Je voulais r\u00e9pondre en racontant une histoire comme celle d&#8217;Oshin, une pauvre petite fille qui deviendrait un jour propri\u00e9taire d&#8217;une grande cha\u00eene de supermarch\u00e9s (une s\u00e9rie t\u00e9l\u00e9vis\u00e9e a \u00e9t\u00e9 diffus\u00e9e de 1984 \u00e0 1985 au Japon), mais des mots comme la solitude, les difficult\u00e9s, la douleur et l&#8217;intimidation ne me venaient tout simplement pas \u00e0 l&#8217;esprit.<\/p>\n\n\n\n<p>J&#8217;ai pass\u00e9 dix ans en tant qu&#8217;apprentie r\u00e9sidente au centre de Yotsuya \u00e0 Shinjuku, Tokyo.<\/p>\n\n\n\n<p>Nous vivions tous sous le m\u00eame toit. Il y avait Masao Kato, Yoshio Ishida, Masaharu Sato, Kunio Hisajima, Koichi Kobayashi\u2026 (J&#8217;ai omis le grand prodige de Go Masaki Takemiya de ma liste parce qu&#8217;il faisait la navette quotidiennement de son domicile \u00e0 Tokyo.)<\/p>\n\n\n\n<p>Masaharu Sato \u00e9tait un vrai athl\u00e8te. Il plongeait dans les vagues \u00e0 Hiratsuka, et le voir nager si vite \u00e9tait vraiment cool! Il \u00e9tait un joueur de baseball et un as, le meilleur lanceur partant. Kunio Hisajima visait \u00e9galement \u00e0 \u00eatre un as. J&#8217;ai travaill\u00e9 dur avec Kunio pour qu&#8217;il devienne un bon lanceur. J&#8217;\u00e9tais son receveur \u00e0 l&#8217;entra\u00eenement jusqu&#8217;\u00e0 ce qu&#8217;il devienne si sombre que le ballon \u00e9tait difficile \u00e0 voir. Peut-\u00eatre \u00e0 cause de tous nos entra\u00eenements, il \u00e9tait le lanceur partant de temps en temps. Kunio \u00e9tait un gars formidable. J&#8217;ai dit plus t\u00f4t que tous les apprentis r\u00e9sidents devaient \u00eatre des prodiges, mais Kunio n&#8217;\u00e9tait pas comme \u00e7a. Je pense que peut-\u00eatre son g\u00e9nie est n\u00e9 non pas du jeu de Go, mais plut\u00f4t de son d\u00e9vouement \u00e0 faire de son mieux pour les autres et la soci\u00e9t\u00e9. Kunio souffrait d&#8217;une mauvaise sant\u00e9 &#8211; son estomac lui causait toujours des probl\u00e8mes. De notre groupe, il a \u00e9t\u00e9 le premier \u00e0 d\u00e9c\u00e9der.<\/p>\n\n\n\n<p><\/p>\n","protected":false},"excerpt":{"rendered":"Souvenirs de mes jours en tant qu&#8217;apprenti r\u00e9sident de mon ma\u00eetre Go Chifun CHO 9th dan, Nihon...","protected":false},"author":1,"featured_media":0,"parent":0,"menu_order":0,"comment_status":"closed","ping_status":"closed","template":"","meta":{"footnotes":""},"class_list":["post-230","page","type-page","status-publish","hentry"],"_links":{"self":[{"href":"https:\/\/kokoroigo.site\/index.php?rest_route=\/wp\/v2\/pages\/230","targetHints":{"allow":["GET"]}}],"collection":[{"href":"https:\/\/kokoroigo.site\/index.php?rest_route=\/wp\/v2\/pages"}],"about":[{"href":"https:\/\/kokoroigo.site\/index.php?rest_route=\/wp\/v2\/types\/page"}],"author":[{"embeddable":true,"href":"https:\/\/kokoroigo.site\/index.php?rest_route=\/wp\/v2\/users\/1"}],"replies":[{"embeddable":true,"href":"https:\/\/kokoroigo.site\/index.php?rest_route=%2Fwp%2Fv2%2Fcomments&post=230"}],"version-history":[{"count":5,"href":"https:\/\/kokoroigo.site\/index.php?rest_route=\/wp\/v2\/pages\/230\/revisions"}],"predecessor-version":[{"id":482,"href":"https:\/\/kokoroigo.site\/index.php?rest_route=\/wp\/v2\/pages\/230\/revisions\/482"}],"wp:attachment":[{"href":"https:\/\/kokoroigo.site\/index.php?rest_route=%2Fwp%2Fv2%2Fmedia&parent=230"}],"curies":[{"name":"wp","href":"https:\/\/api.w.org\/{rel}","templated":true}]}}