{"id":234,"date":"2020-04-23T03:04:21","date_gmt":"2020-04-22T18:04:21","guid":{"rendered":"http:\/\/kokoroigo.site\/wp\/?page_id=124"},"modified":"2020-05-07T04:20:09","modified_gmt":"2020-05-06T19:20:09","slug":"di-thi-tran-ofunato","status":"publish","type":"page","link":"https:\/\/kokoroigo.site\/?page_id=234&lang=vi","title":{"rendered":"\u0110i th\u1ecb tr\u1ea5n Ofunato"},"content":{"rendered":"\n<div class=\"wp-block-media-text alignwide is-stacked-on-mobile .img200\"><figure class=\"wp-block-media-text__media\"><img loading=\"lazy\" decoding=\"async\" width=\"271\" height=\"238\" src=\"https:\/\/kokoroigo.site\/wp\/wp-content\/uploads\/2020\/05\/toda.jpg\" alt=\"\" class=\"wp-image-190\"\/><\/figure><div class=\"wp-block-media-text__content\">\n<h2 class=\"wp-block-heading\">Th\u00f4ng \u0111i\u1ec7p<\/h2>\n\n\n\n<h4 class=\"wp-block-heading\">Kimiaki TODA<br>Th\u1ecb tr\u01b0\u1edfng th\u00e0nh ph\u1ed1 Ofunato<\/h4>\n<\/div><\/div>\n\n\n\n<p><br><\/p>\n\n\n\n<p>\u0110\u1ea7u ti\u00ean, t\u00f4i xin g\u1eedi l\u1eddi ch\u00fac m\u1eebng s\u1ef1 ra m\u1eaft c\u1ee7a trang web &#8220;Con t\u00e0u kh\u00e1t v\u1ecdng&#8221; Ofunato &#8211; th\u1ecb tr\u1ea5n c\u1edd v\u00e2y.<\/p>\n\n\n\n<p>B\u1edd bi\u1ec3n Goishi c\u1ee7a th\u00e0nh ph\u1ed1, m\u1ed9t danh lam th\u1eafng c\u1ea3nh \u0111\u1ea1i di\u1ec7n cho C\u00f4ng vi\u00ean Qu\u1ed1c gia Sanriku Fukko, \u0111\u00e3 t\u1eebng l\u00e0 l\u00e3nh th\u1ed5 c\u1ee7a t\u1ed9c Date trong th\u1eddi c\u1ed5 \u0111\u1ea1i, v\u00e0 ng\u01b0\u1eddi ta truy\u1ec1n mi\u1ec7ng nhau r\u1eb1ng b\u1edfi v\u00ec c\u00e1c vi\u00ean \u0111\u00e1 tr\u00ean b\u1edd bi\u1ec3n \u0111\u01b0\u1ee3c thi\u00ean nhi\u00ean ban t\u1eb7ng gi\u1ed1ng nh\u01b0 nh\u1eefng qu\u00e2n c\u1edd trong b\u1ed9 m\u00f4n c\u1edd v\u00e2y n\u00ean ng\u01b0\u1eddi ta g\u1ecdi n\u00f3 l\u00e0 Goishi (trong ti\u1ebfng Nh\u1eadt, go c\u00f3 ngh\u0129a l\u00e0 c\u1edd v\u00e2y, ishi c\u00f3 ngh\u0129a l\u00e0 \u0111\u00e1).<\/p>\n\n\n\n<p>Kh\u1edfi ngu\u1ed3n t\u1eeb t\u00ean b\u1edd bi\u1ec3n Goishi n\u00e0y, nh\u1eb1m m\u1ee5c \u0111\u00edch t\u00e1i thi\u1ebft th\u00e0nh ph\u1ed1 th\u00f4ng qua vi\u1ec7c x\u00e2y d\u1ef1ng n\u00ean m\u1ed9t th\u1ecb tr\u1ea5n c\u1edd v\u00e2y v\u00e0 \u0111\u1ec3 th\u00fac \u0111\u1ea9y ph\u00e1t tri\u1ec3n khu v\u1ef1c, c\u00e1c t\u00ecnh nguy\u1ec7n vi\u00ean t\u1eeb trong v\u00e0 ngo\u00e0i th\u00e0nh ph\u1ed1 \u0111\u00e3 th\u00e0nh l\u1eadp m\u1ed9t \u1ee7y ban \u0111i\u1ec1u h\u00e0nh v\u00e0 k\u1ec3 t\u1eeb n\u0103m 2014, &#8220;l\u1ec5 h\u1ed9i c\u1edd v\u00e2y t\u1ea1i b\u1edd bi\u1ec3n Goishi&#8221; \u0111\u01b0\u1ee3c t\u1ed5 ch\u1ee9c h\u00e0ng n\u0103m.<\/p>\n\n\n\n<p>\u0110\u1ed1i v\u1edbi th\u00e0nh ph\u1ed1 \u0111ang h\u01b0\u1edbng t\u1edbi m\u1ee5c ti\u00eau ph\u1ee5c h\u1ed3i sau tr\u1eadn \u0111\u1ed9ng \u0111\u1ea5t l\u1edbn \u1edf ph\u00eda \u0111\u00f4ng Nh\u1eadt B\u1ea3n v\u00e0 n\u00e2ng cao n\u0103ng l\u1ef1c khu v\u1ef1c \u0111\u1ec3 \u0111\u1ed1i ph\u00f3 v\u1edbi s\u1ef1 suy gi\u1ea3m v\u00e0 gi\u00e0 h\u00f3a d\u00e2n s\u1ed1, vi\u1ec7c t\u1ed5 ch\u1ee9c l\u1ec5 h\u1ed9i n\u00e0y l\u00e0 c\u01a1 h\u1ed9i \u0111\u1ec3 qu\u1ea3ng b\u00e1 th\u00e0nh ph\u1ed1 v\u00e0 gi\u00fap h\u00ecnh th\u00e0nh m\u1ea1ng l\u01b0\u1edbi h\u01b0\u1edbng t\u1edbi m\u1edf r\u1ed9ng d\u00e2n s\u1ed1. T\u00f4i mu\u1ed1n b\u00e0y t\u1ecf l\u00f2ng bi\u1ebft \u01a1n ch\u00e2n th\u00e0nh \u0111\u1ebfn t\u1ea5t c\u1ea3 m\u1ecdi ng\u01b0\u1eddi c\u00f3 li\u00ean quan ti\u00eau bi\u1ec3u l\u00e0 \u00f4ng Kitani, ch\u1ee7 t\u1ecbch \u1ee6y ban \u0110i\u1ec1u h\u00e0nh, ng\u01b0\u1eddi \u0111\u00e3 h\u1ed7 tr\u1ee3 v\u00e0 n\u1ed7 l\u1ef1c r\u1ea5t l\u1edbn trong c\u00f4ng cu\u1ed9c n\u00e0y.<\/p>\n\n\n\n<p>S\u1ef1 c\u1ed1ng hi\u1ebfn nhi\u1ec7t t\u00ecnh kh\u00f4ng ng\u1eebng ngh\u1ec9 c\u1ee7a c\u00e1c th\u00e0nh vi\u00ean trong \u1ee6y ban \u0110i\u1ec1u h\u00e0nh \u0111\u00e3 g\u00f3p ph\u1ea7n t\u1ea1o n\u00ean s\u1ef1 th\u1ed1ng nh\u1ea5t trong t\u1eebng h\u00e0nh \u0111\u1ed9ng, suy ngh\u0129 c\u1ee7a c\u00e1n b\u1ed9 v\u00e0 nh\u00e2n d\u00e2n. N\u0103m 2016, th\u00e0nh ph\u1ed1 \u0111\u00e3 quy\u1ebft \u0111\u1ecbnh l\u1ea5y ng\u00e0y 14 th\u00e1ng 5 l\u00e0 &#8220;Ng\u00e0y Goishi&#8221; \u0111\u1ec3 th\u00fac \u0111\u1ea9y qu\u1ea3ng b\u00e1 khu v\u1ef1c v\u00e0 du l\u1ecbch.<\/p>\n\n\n\n<p>Ngo\u00e0i ra, v\u00e0o th\u00e1ng 2 n\u0103m 2018, l\u1ea7n \u0111\u1ea7u ti\u00ean gi\u1ea3i k\u1ef3 th\u1ee7 m\u1ea1nh Kisei \u0111\u01b0\u1ee3c t\u1ed5 ch\u1ee9c t\u1ea1i th\u00e0nh ph\u1ed1 v\u00e0 v\u00e0o th\u00e1ng 5 n\u0103m sau, gi\u1ea3i \u0111\u1ea5u Honinbo \u0111\u01b0\u1ee3c t\u1ed5 ch\u1ee9c sau 50 n\u0103m k\u1ec3 t\u1eeb n\u0103m 1969, h\u00e0ng lo\u1ea1t c\u00e1c s\u1ef1 ki\u1ec7n v\u00e0 gi\u1ea3i \u0111\u1ea5u \u0111\u01b0\u1ee3c t\u1ed5 ch\u1ee9c \u0111\u00e3 ti\u1ebfp th\u00eam \u0111\u00e0 ph\u00e1t tri\u1ec3n \u0111\u1ec3 x\u00e2y d\u1ef1ng n\u00ean m\u1ed9t th\u1ecb tr\u1ea5n c\u1edd v\u00e2y.<\/p>\n\n\n\n<p>Trong t\u01b0\u01a1ng lai, v\u1edbi nh\u1eefng n\u1ed7 l\u1ef1c c\u1ee7a \u1ee6y ban \u0110i\u1ec1u h\u00e0nh, t\u00f4i k\u1ef3 v\u1ecdng r\u1eb1ng th\u00e0nh ph\u1ed1 s\u1ebd tr\u1edf th\u00e0nh m\u1ed9t \u0111i\u1ec3m \u0111\u1ebfn h\u1ea5p d\u1eabn, ng\u00e0y c\u00e0ng thu h\u00fat s\u1ef1 ch\u00fa \u00fd c\u1ee7a du kh\u00e1ch trong v\u00e0 ngo\u00e0i n\u01b0\u1edbc, g\u00f3p ph\u1ea7n th\u00fac \u0111\u1ea9y m\u1ea1nh m\u1ebd c\u00f4ng cu\u1ed9c x\u00e2y d\u1ef1ng th\u1ecb tr\u1ea5n m\u1edbi.<\/p>\n\n\n\n<p>Cu\u1ed1i c\u00f9ng, t\u00f4i xin ch\u00fac \u1ee6y ban \u0110i\u1ec1u h\u00e0nh l\u1ec5 h\u1ed9i c\u1edd v\u00e2y t\u1ea1i b\u1edd bi\u1ec3n Goishi v\u00e0 t\u1ea5t c\u1ea3 nh\u1eefng v\u1ecb c\u00f3 li\u00ean quan ng\u00e0y c\u00e0ng ph\u00e1t tri\u1ec3n v\u00e0 g\u1eb7t h\u00e1i \u0111\u01b0\u1ee3c nhi\u1ec3u th\u00e0nh c\u00f4ng h\u01a1n n\u1eefa!<\/p>\n\n\n\n<p><\/p>\n","protected":false},"excerpt":{"rendered":"Th\u00f4ng \u0111i\u1ec7p Kimiaki TODATh\u1ecb tr\u01b0\u1edfng th\u00e0nh ph\u1ed1 Ofunato \u0110\u1ea7u ti\u00ean, t\u00f4i xin g\u1eedi l\u1eddi ch\u00fac m\u1eebng s\u1ef1 ra m\u1eaft c\u1ee7...","protected":false},"author":1,"featured_media":0,"parent":0,"menu_order":0,"comment_status":"closed","ping_status":"closed","template":"","meta":{"footnotes":""},"class_list":["post-234","page","type-page","status-publish","hentry"],"_links":{"self":[{"href":"https:\/\/kokoroigo.site\/index.php?rest_route=\/wp\/v2\/pages\/234","targetHints":{"allow":["GET"]}}],"collection":[{"href":"https:\/\/kokoroigo.site\/index.php?rest_route=\/wp\/v2\/pages"}],"about":[{"href":"https:\/\/kokoroigo.site\/index.php?rest_route=\/wp\/v2\/types\/page"}],"author":[{"embeddable":true,"href":"https:\/\/kokoroigo.site\/index.php?rest_route=\/wp\/v2\/users\/1"}],"replies":[{"embeddable":true,"href":"https:\/\/kokoroigo.site\/index.php?rest_route=%2Fwp%2Fv2%2Fcomments&post=234"}],"version-history":[{"count":3,"href":"https:\/\/kokoroigo.site\/index.php?rest_route=\/wp\/v2\/pages\/234\/revisions"}],"predecessor-version":[{"id":428,"href":"https:\/\/kokoroigo.site\/index.php?rest_route=\/wp\/v2\/pages\/234\/revisions\/428"}],"wp:attachment":[{"href":"https:\/\/kokoroigo.site\/index.php?rest_route=%2Fwp%2Fv2%2Fmedia&parent=234"}],"curies":[{"name":"wp","href":"https:\/\/api.w.org\/{rel}","templated":true}]}}