{"id":235,"date":"2020-04-23T03:04:21","date_gmt":"2020-04-22T18:04:21","guid":{"rendered":"http:\/\/kokoroigo.site\/wp\/?page_id=124"},"modified":"2020-05-07T03:17:51","modified_gmt":"2020-05-06T18:17:51","slug":"allez-ville-ofunato","status":"publish","type":"page","link":"https:\/\/kokoroigo.site\/?page_id=235&lang=fr","title":{"rendered":"Allez Ville Ofunato"},"content":{"rendered":"\n<div class=\"wp-block-media-text alignwide is-stacked-on-mobile .img200\"><figure class=\"wp-block-media-text__media\"><img loading=\"lazy\" decoding=\"async\" width=\"271\" height=\"238\" src=\"https:\/\/kokoroigo.site\/wp\/wp-content\/uploads\/2020\/05\/toda.jpg\" alt=\"\" class=\"wp-image-190\"\/><\/figure><div class=\"wp-block-media-text__content\">\n<h2 class=\"wp-block-heading\">Salutations<\/h2>\n\n\n\n<h4 class=\"wp-block-heading\">Toda Toda, Maire ofunato, Kimiaki TODA<\/h4>\n<\/div><\/div>\n\n\n\n<p><br>\u3000F\u00e9licitations pour la cr\u00e9ation du site &#8220;Ship of Hope&#8221; dans la ville de Go.<br>\u3000Eh bien, il est dit que la c\u00f4te de gostone de cette ville qui est l\u2019endroit pittoresque qui repr\u00e9sente Sanriku Reconstruction National Park \u00e9tait le territoire du clan Date dans l\u2019ancien, et le caillou de Nagisa a \u00e9t\u00e9 offert comme une pierre d\u2019aller.<br>\u3000Conform\u00e9ment \u00e0 l\u2019origine du nom de la c\u00f4te de Gostone, des b\u00e9n\u00e9voles de l\u2019ext\u00e9rieur de la ville ont form\u00e9 un comit\u00e9 ex\u00e9cutif pour promouvoir la ville par la reconstruction de la ville par le d\u00e9veloppement de la ville go et la promotion de la communaut\u00e9 locale, et depuis Heisei 26, le Go Festival sur la c\u00f4te de Go Stone a eu lieu en permanence chaque ann\u00e9e.<br>\u3000Dans le but de promouvoir la reprise totale du grand tremblement de terre de l\u2019Est du Japon et de viser \u00e0 am\u00e9liorer la force r\u00e9gionale pour faire face au d\u00e9clin de la population et au vieillissement de la population, nous tenons \u00e0 exprimer notre sinc\u00e8re gratitude \u00e0 toutes les personnes impliqu\u00e9es, y compris M. Kitani, pr\u00e9sident du Comit\u00e9, qui a jou\u00e9 un r\u00f4le d\u00e9terminant dans nos efforts pour am\u00e9liorer la reconnaissance du nom de la ville et \u00e9largir la population d\u2019\u00e9change, \u00e0 la suite de l\u2019accueil du festival.<br>\u3000L\u2019enthousiasme du comit\u00e9 ex\u00e9cutif a conduit aux efforts des secteurs public et priv\u00e9, et la ville a cr\u00e9\u00e9 &#8220;Go Stone Day&#8221; dans l\u2019ann\u00e9e Heisei pour promouvoir les communaut\u00e9s r\u00e9gionales et promouvoir le tourisme avec le mot-cl\u00e9 &#8220;Go stone&#8221; sur la c\u00f4te de Gostone.<br>\u3000En outre, le premier jeu du jeu a eu lieu dans la ville de Heisei 30, et en mai de l\u2019ann\u00e9e suivante, la bataille principale a eu lieu pour la premi\u00e8re fois en 50 ans depuis Showa 44, et l\u2019\u00e9lan pour l\u2019urbanisme de Go est en augmentation.<br>\u3000\u00c0 l\u2019avenir, gr\u00e2ce aux initiatives du Comit\u00e9 ex\u00e9cutif, nous esp\u00e9rons que l\u2019attractivit\u00e9 de la ville sera davantage diffus\u00e9e au Japon et \u00e0 l\u2019\u00e9tranger, et que l\u2019attraction des visiteurs sera encourag\u00e9e et que le nouveau d\u00e9veloppement urbain sera fortement soutenu.<br>\u3000Je prie pour le d\u00e9veloppement croissant du Comit\u00e9 ex\u00e9cutif du Festival Go \u00e0 Gostone Coast et le succ\u00e8s des personnes impliqu\u00e9es.<\/p>\n","protected":false},"excerpt":{"rendered":"Salutations Toda Toda, Maire ofunato, Kimiaki TODA \u3000F\u00e9licitations pour la cr\u00e9ation du site &#8220;Sh...","protected":false},"author":1,"featured_media":0,"parent":0,"menu_order":0,"comment_status":"closed","ping_status":"closed","template":"","meta":{"footnotes":""},"class_list":["post-235","page","type-page","status-publish","hentry"],"_links":{"self":[{"href":"https:\/\/kokoroigo.site\/index.php?rest_route=\/wp\/v2\/pages\/235","targetHints":{"allow":["GET"]}}],"collection":[{"href":"https:\/\/kokoroigo.site\/index.php?rest_route=\/wp\/v2\/pages"}],"about":[{"href":"https:\/\/kokoroigo.site\/index.php?rest_route=\/wp\/v2\/types\/page"}],"author":[{"embeddable":true,"href":"https:\/\/kokoroigo.site\/index.php?rest_route=\/wp\/v2\/users\/1"}],"replies":[{"embeddable":true,"href":"https:\/\/kokoroigo.site\/index.php?rest_route=%2Fwp%2Fv2%2Fcomments&post=235"}],"version-history":[{"count":3,"href":"https:\/\/kokoroigo.site\/index.php?rest_route=\/wp\/v2\/pages\/235\/revisions"}],"predecessor-version":[{"id":385,"href":"https:\/\/kokoroigo.site\/index.php?rest_route=\/wp\/v2\/pages\/235\/revisions\/385"}],"wp:attachment":[{"href":"https:\/\/kokoroigo.site\/index.php?rest_route=%2Fwp%2Fv2%2Fmedia&parent=235"}],"curies":[{"name":"wp","href":"https:\/\/api.w.org\/{rel}","templated":true}]}}