{"id":253,"date":"2020-04-24T03:37:11","date_gmt":"2020-04-23T18:37:11","guid":{"rendered":"http:\/\/kokoroigo.site\/wp\/?page_id=141"},"modified":"2020-06-11T19:04:21","modified_gmt":"2020-06-11T10:04:21","slug":"bourse-internationale","status":"publish","type":"page","link":"https:\/\/kokoroigo.site\/?page_id=253&lang=fr","title":{"rendered":"Bourse internationale"},"content":{"rendered":"\n<h2 class=\"wp-block-heading\">Vivre c\u00f4te \u00e0 c\u00f4te<\/h2>\n\n\n\n<div class=\"wp-block-columns is-layout-flex wp-container-core-columns-is-layout-9d6595d7 wp-block-columns-is-layout-flex\">\n<div class=\"wp-block-column is-layout-flow wp-block-column-is-layout-flow\" style=\"flex-basis:40%\">\n<figure class=\"wp-block-image size-large\"><img decoding=\"async\" src=\"https:\/\/kokoroigo.site\/wp\/wp-content\/uploads\/2020\/06\/kakishima.jpg\" alt=\"\"\/><\/figure>\n<\/div>\n\n\n\n<div class=\"wp-block-column is-layout-flow wp-block-column-is-layout-flow\" style=\"flex-basis:66.66%\">\n<h3 class=\"wp-block-heading\">Mitsuharu KAKIJIMA<\/h3>\n\n\n\n<h4 class=\"wp-block-heading\">Joueur de Go aveugle (avec un classement amateur de 4e dan) et pr\u00e9sident du comit\u00e9 ex\u00e9cutif du tournoi national de Go Blind School<\/h4>\n<\/div>\n<\/div>\n\n\n\n<p>J&#8217;ai commenc\u00e9 \u00e0 apprendre le Go en 2003. M\u00eame \u00e0 cette \u00e9poque, ma vue me faisait d\u00e9j\u00e0 d\u00e9faut au point o\u00f9 je ne pouvais pas voir ce qui se passait \u00e0 la surface de la planche de Go.&nbsp;Heureusement, j&#8217;ai&nbsp;<em>d\u00e9couvert une<\/em>&nbsp;planche&nbsp;tactile sp\u00e9ciale&nbsp;<em>Aigo<\/em>&nbsp;Go con\u00e7ue pour les malvoyants.&nbsp;Gr\u00e2ce \u00e0 cette planche tactile, j&#8217;ai pu jouer contre des personnes sans d\u00e9ficience visuelle.&nbsp;Pour autant que je sache, il n&#8217;y a pas d&#8217;autres jeux dans lesquels une personne malvoyante peut jouer sans l&#8217;aide de quelqu&#8217;un d&#8217;autre et sans ressentir de stress.&nbsp;Pour les malvoyants, le Go est un jeu qu&#8217;ils peuvent appr\u00e9cier et o\u00f9 le fait qu&#8217;ils ne voient pas est oubli\u00e9.<\/p>\n\n\n\n<p>Quand je joue une partie de Go de cette fa\u00e7on, je sens que je suis un individu complet sur le plateau.&nbsp;J&#8217;oublie que j&#8217;ai un handicap.&nbsp;Tout ce que je ressens, c&#8217;est l&#8217;envie de jouer un meilleur jeu que mon adversaire et de les battre.&nbsp;\u00c0 travers le tableau, nous jouons tous les deux les m\u00eames sentiments.<\/p>\n\n\n\n<p>\u00c0 la fin de la partie, le gagnant est d\u00e9cid\u00e9, quelle que soit la langue qu&#8217;il parle, son \u00e2ge, sa position dans la vie ou son apparence.&nbsp;Je suis d\u00e9\u00e7u quand je perds, mais je suis content quand je gagne.&nbsp;Les seuls sentiments qui restent sont vraiment simples.&nbsp;En \u00e9tendant une main pour placer votre pierre de Go dans la position m\u00fbrement r\u00e9fl\u00e9chie du plateau, il y a naturellement une communication mutuelle entre vous et votre adversaire.<\/p>\n\n\n\n<p>\u00c0 travers le jeu de Go, je veux cr\u00e9er un environnement dans lequel les personnes malvoyantes du monde entier peuvent former des liens \u00e9troits les uns avec les autres.&nbsp;La ville d&#8217;Ofunato dans la pr\u00e9fecture d&#8217;Iwate qui a \u00e9t\u00e9 d\u00e9vast\u00e9e par la catastrophe du grand tremblement de terre du Japon oriental en 2011 a d\u00e9j\u00e0 accueilli des festivals de go impliquant des \u00e9l\u00e8ves d&#8217;\u00e9coles pour aveugles au Japon, \u00e0 Taiwan et en Cor\u00e9e du Sud.<\/p>\n\n\n\n<p>Ces \u00e9tudiants malvoyants, transcendant les fronti\u00e8res nationales, se sont r\u00e9unis dans ce lieu de d\u00e9vastation d&#8217;autrefois.\u00a0Les sc\u00e8nes o\u00f9 ils ont resserr\u00e9 leurs liens gr\u00e2ce \u00e0 Go ont donn\u00e9 du courage et de l&#8217;espoir aux gens de nombreux horizons diff\u00e9rents.\u00a0En plus des \u00e9tudiants de nombreuses \u00e9coles pour aveugles au Japon, de l&#8217;\u00e9cole de Taipei pour les malvoyants \u00e0 Ta\u00efwan et de l&#8217;\u00e9cole Gangwon Myeongjin pour les aveugles en Cor\u00e9e du Sud, le festival se d\u00e9veloppe pour inclure des joueurs d&#8217;Asie, d&#8217;Europe et des \u00c9tats-Unis.\u00a0En septembre de cette ann\u00e9e (2020) en tant qu&#8217;\u00e9v\u00e9nement principal du World Go Arts Festival, nous pr\u00e9voyons d&#8217;organiser notre festival Go pour les \u00e9l\u00e8ves des \u00e9coles pour aveugles du monde entier.\u00a0Nous avons d\u00e9j\u00e0 \u00e9t\u00e9 en contact avec l&#8217;\u00c9cole Nguyen Dinh Chieu pour les aveugles du Vietnam et l&#8217;Institut National des Jeunes Aveugles (INJA) de Paris, France, et leurs r\u00e9ponses sont encourageantes.\u00a0En \u00e9crivant sur ces d\u00e9veloppements, j&#8217;ai le d\u00e9sir sinc\u00e8re de construire une soci\u00e9t\u00e9 dans laquelle les gens peuvent se rassembler \u00e0 travers le jeu de Go, qu&#8217;ils soient malvoyants ou non, qu&#8217;ils soient avec ou sans forme de d\u00e9ficience.\u00a0Si cela est possible, les gens se rendront compte du simple fait qu&#8217;il est vraiment important dans le monde d&#8217;aujourd&#8217;hui de comprendre que nous sommes tous humains et que nous vivons tous ensemble.<\/p>\n","protected":false},"excerpt":{"rendered":"Vivre c\u00f4te \u00e0 c\u00f4te Mitsuharu KAKIJIMA Joueur de Go aveugle (avec un classement amateur de 4e dan) et ...","protected":false},"author":1,"featured_media":0,"parent":0,"menu_order":0,"comment_status":"closed","ping_status":"closed","template":"","meta":{"footnotes":""},"class_list":["post-253","page","type-page","status-publish","hentry"],"_links":{"self":[{"href":"https:\/\/kokoroigo.site\/index.php?rest_route=\/wp\/v2\/pages\/253","targetHints":{"allow":["GET"]}}],"collection":[{"href":"https:\/\/kokoroigo.site\/index.php?rest_route=\/wp\/v2\/pages"}],"about":[{"href":"https:\/\/kokoroigo.site\/index.php?rest_route=\/wp\/v2\/types\/page"}],"author":[{"embeddable":true,"href":"https:\/\/kokoroigo.site\/index.php?rest_route=\/wp\/v2\/users\/1"}],"replies":[{"embeddable":true,"href":"https:\/\/kokoroigo.site\/index.php?rest_route=%2Fwp%2Fv2%2Fcomments&post=253"}],"version-history":[{"count":3,"href":"https:\/\/kokoroigo.site\/index.php?rest_route=\/wp\/v2\/pages\/253\/revisions"}],"predecessor-version":[{"id":523,"href":"https:\/\/kokoroigo.site\/index.php?rest_route=\/wp\/v2\/pages\/253\/revisions\/523"}],"wp:attachment":[{"href":"https:\/\/kokoroigo.site\/index.php?rest_route=%2Fwp%2Fv2%2Fmedia&parent=253"}],"curies":[{"name":"wp","href":"https:\/\/api.w.org\/{rel}","templated":true}]}}