{"id":258,"date":"2020-04-24T03:37:37","date_gmt":"2020-04-23T18:37:37","guid":{"rendered":"http:\/\/kokoroigo.site\/wp\/?page_id=143"},"modified":"2020-06-12T05:21:22","modified_gmt":"2020-06-11T20:21:22","slug":"bai-hat-cua-trai-tim","status":"publish","type":"page","link":"https:\/\/kokoroigo.site\/?page_id=258&lang=vi","title":{"rendered":"B\u00e0i h\u00e1t c\u1ee7a tr\u00e1i tim"},"content":{"rendered":"\n<h2 class=\"wp-block-heading\">Ban nh\u1ea1c Kokoro no uta<\/h2>\n\n\n\n<div class=\"wp-block-columns is-layout-flex wp-container-core-columns-is-layout-9d6595d7 wp-block-columns-is-layout-flex\">\n<div class=\"wp-block-column is-layout-flow wp-block-column-is-layout-flow\" style=\"flex-basis:40%\">\n<figure class=\"wp-block-image size-large\"><img decoding=\"async\" src=\"https:\/\/kokoroigo.site\/wp\/wp-content\/uploads\/2020\/06\/kitani.jpg\" alt=\"\"\/><\/figure>\n<\/div>\n\n\n\n<div class=\"wp-block-column is-layout-flow wp-block-column-is-layout-flow\" style=\"flex-basis:66.66%\">\n<h3 class=\"wp-block-heading\">Masamichi\u3000KITANI<\/h3>\n\n\n\n<h4 class=\"wp-block-heading\">Tr\u01b0\u1edfng nh\u00f3m nh\u1ea1c Kokoro no uta<\/h4>\n<\/div>\n<\/div>\n\n\n\n<p>Khi c\u00f2n nh\u1ecf, ngo\u00e0i anh ch\u1ecb em ru\u1ed9t, trong nh\u00e0 t\u00f4i c\u00f2n c\u00f3 r\u1ea5t nhi\u1ec1u anh ch\u1ecb em l\u00e0 h\u1ecdc vi\u00ean n\u1ed9i tr\u00fa.<br>\u00a0V\u00e0o nh\u1eefng d\u1ecbp nh\u01b0 gi\u00e1ng sinh, ch\u1ecb g\u00e1i \u0111\u1ea7u h\u01a1n t\u00f4i 14 tu\u1ed5i th\u01b0\u1eddng \u0111\u1ec7m \u0111\u00e0n piano v\u00e0 b\u1ea3o t\u00f4i h\u00e1t theo.<br>\u00a0T\u1eeb \u0111\u00f3, ni\u1ec1m vui ca h\u00e1t \u0111\u00e3 ng\u1ea5m d\u1ea7n v\u00e0o c\u01a1 th\u1ec3 t\u00f4i.<\/p>\n\n\n\n<p>\u00a0\u0110\u1ec3 ch\u00fac m\u1eebng ng\u00e0y t\u00f4i nh\u1eadp h\u1ecdc tr\u01b0\u1eddng c\u1ea5p ba, ch\u1ecb g\u00e1i ngay tr\u00ean t\u00f4i \u0111\u00e3 mua t\u1eb7ng t\u00f4i m\u1ed9t c\u00e2y \u0111\u00e0n guitar.<br>\u00a0T\u1eeb \u0111\u00f3, l\u00fac n\u00e0o t\u00f4i c\u0169ng mang theo c\u00e2y \u0111\u00e0n guitar c\u1ee7a m\u00ecnh \u0111\u1ebfn b\u1ea5t c\u1ee9 n\u01a1i n\u00e0o t\u00f4i \u0111i v\u00e0 h\u00e1t v\u1edbi m\u1ecdi ng\u01b0\u1eddi.<\/p>\n\n\n\n<p>\u00a0V\u00e0o th\u00e1ng 7 n\u0103m 2001, \u1edf tu\u1ed5i 53, m\u1ed9t vi\u1ec7n d\u01b0\u1ee1ng l\u00e3o c\u00e1ch nh\u00e0 t\u00f4i kho\u1ea3ng 3 ph\u00fat \u0111\u01b0\u1ee3c th\u00e0nh l\u1eadp.<br>\u00a0\u0110\u00f3 l\u00e0 m\u1ed9t trung t\u00e2m d\u01b0\u1ee1ng l\u00e3o ban ng\u00e0y nh\u1ecf \u0111\u00e3 \u0111\u01b0\u1ee3c tu s\u1eeda l\u1ea1i t\u1eeb m\u1ed9t ng\u00f4i nh\u00e0 d\u00e2n.<br>\u00a0Th\u1eadt k\u1ef3 l\u1ea1, t\u00f4i b\u1eaft \u0111\u1ea7u c\u00f3 th\u00f3i quen ch\u01a1i guitar.<br>\u00a0M\u1ed9t l\u1ea7n n\u1eefa t\u00f4i l\u1ea1i \u0111\u1eafm ch\u00ecm trong ni\u1ec1m vui ca h\u00e1t.<br>\u00a0T\u00f4i th\u01b0\u1eddng h\u00e1t v\u1edbi ng\u01b0\u1eddi cao tu\u1ed5i, khi c\u00f3 \u0111\u1ed9ng \u0111\u1ea5t x\u1ea3y ra t\u00f4i h\u00e1t \u1edf tr\u1ea1i t\u1ecb n\u1ea1n.<\/p>\n\n\n\n<p>\u00a0Th\u00e1ng 3 n\u0103m 2007, l\u1ea7n \u0111\u1ea7u ti\u00ean t\u00f4i \u0111\u00e3 chinh ph\u1ee5c \u0111\u01b0\u1ee3c gi\u1ea3i ch\u1ea1y full marathon v\u00e0 \u0111\u00e3 xin ngh\u1ec9 h\u01b0u kh\u1ecfi Ch\u00ednh quy\u1ec1n th\u00e0nh ph\u1ed1 Tokyo s\u1edbm h\u01a1n k\u1ebf ho\u1ea1ch m\u1ed9t ch\u00fat.<br>\u00a0N\u0103m 2009, b\u00e0 Take DS (ng\u01b0\u1eddi khi\u1ebfm th\u00ednh, bi\u1ec3u di\u1ec5n ng\u00f4n ng\u1eef k\u00fd hi\u1ec7u), \u00f4ng Yasuaki Maruyama (ng\u01b0\u1eddi m\u00f4 ph\u1ecfng \u00e2m thanh c\u1ee7a nh\u1ea1c c\u1ee5 b\u1eb1ng mi\u1ec7ng), \u00f4ng Morihide Idenawa (bass) v\u00e0 b\u00e0 Yasuko Miki (piano) \u0111\u00e3 c\u00f9ng nhau kh\u1edfi x\u01b0\u1edbng v\u00e0 cho ra \u0111\u1eddi ban nh\u1ea1c Kokoro no uta. Sau \u0111\u00f3, b\u00e0 Kazuko Sano (ng\u01b0\u1eddi m\u00f4 ph\u1ecfng \u00e2m thanh c\u1ee7a nh\u1ea1c c\u1ee5 b\u1eb1ng mi\u1ec7ng, th\u00f4ng d\u1ecbch ng\u00f4n ng\u1eef k\u00fd hi\u1ec7u) v\u00e0 \u00f4ng Haruna Kuriki (vocal) \u0111\u00e3 gia nh\u1eadp nh\u00f3m.<br>\u00a0C\u00e1c th\u00e0nh vi\u00ean trong ban nh\u1ea1c \u0111\u1ec1u c\u00f3 k\u1ef9 n\u0103ng \u0111i\u00eau luy\u1ec7n v\u00e0 t\u00f4i may m\u1eafn \u0111\u01b0\u1ee3c tham gia v\u1edbi vai tr\u00f2 l\u00e0 ca s\u0129.<br>\u00a0K\u1ec3 t\u1eeb n\u0103m 2008, ch\u00fang t\u00f4i \u0111\u00e3 li\u00ean t\u1ee5c t\u1ed5 ch\u1ee9c c\u00e1c bu\u1ed5i h\u00f2a nh\u1ea1c t\u1ea1i H\u1ed9i tr\u01b0\u1eddng l\u1edbn \u1edf Trung t\u00e2m v\u0103n h\u00f3a Shinjuku.<\/p>\n\n\n\n<p>\u00a0Khi x\u1ea3y ra tr\u1eadn \u0111\u1ed9ng \u0111\u1ea5t l\u1edbn \u1edf ph\u00eda \u0111\u00f4ng Nh\u1eadt B\u1ea3n v\u00e0o n\u0103m 2011, ch\u00fang t\u00f4i \u0111\u00e3 bi\u1ec3u di\u1ec5n t\u1ea1i m\u1ed9t tr\u1ea1i t\u1ecb n\u1ea1n \u1edf tr\u01b0\u1eddng trung h\u1ecdc c\u01a1 s\u1edf Utatsu, th\u1ecb tr\u1ea5n Minamisanriku, t\u1ec9nh Miyagi.<br>\u00a0N\u0103m 2013, ch\u00fang t\u00f4i \u0111\u00e3 t\u1ed5 ch\u1ee9c c\u00e1c ho\u1ea1t \u0111\u1ed9ng \u00e2m nh\u1ea1c v\u1edbi nh\u1eefng ng\u01b0\u1eddi b\u1ecb r\u1ed1i lo\u1ea1n ch\u1ee9c n\u0103ng n\u00e3o v\u00e0 gia \u0111\u00ecnh c\u1ee7a h\u1ecd.<br>\u00a0Ban nh\u1ea1c c\u0169ng \u0111\u00e3 tham gia d\u1ef1 \u00e1n &#8220;Ofunato, th\u1ecb tr\u1ea5n c\u1edd v\u00e2y&#8221; t\u1eeb n\u0103m 2014.<br>\u00a0T\u1eeb th\u00e1ng 2 n\u0103m 2017, t\u1ea1i Trung t\u00e2m h\u1ed7 tr\u1ee3 ng\u01b0\u1eddi khuy\u1ebft t\u1eadt qu\u1eadn Ota, ch\u00fang t\u00f4i b\u1eaft \u0111\u1ea7u d\u1ea1y c\u1edd v\u00e2y cho nh\u1eefng ng\u01b0\u1eddi b\u1ecb r\u1ed1i lo\u1ea1n ch\u1ee9c n\u0103ng n\u00e3o v\u00e0 t\u1ed5 ch\u1ee9c c\u00e1c ho\u1ea1t \u0111\u1ed9ng ca h\u00e1t v\u1edbi h\u1ecd.<br>\u00a0Nhi\u1ec1u s\u1ef1 ki\u1ec7n di\u1ec5n ra h\u00e0ng n\u0103m \u0111\u00e3 tr\u1edf th\u00e0nh m\u1ed9t k\u1ef7 ni\u1ec7m qu\u00fd gi\u00e1 \u0111\u1ed1i v\u1edbi ch\u00fang t\u00f4i.<\/p>\n\n\n\n<p>\u00a0B\u01b0\u1edbc v\u00e0o n\u0103m 2020, virus Corona \u0111ang t\u1ea5n c\u00f4ng th\u1ebf gi\u1edbi.<br>\u00a0Ch\u00fang t\u00f4i bu\u1ed9c ph\u1ea3i h\u1ea1n ch\u1ebf ti\u1ebfp x\u00fac v\u1edbi ng\u01b0\u1eddi kh\u00e1c v\u00e0 t\u1ea1m ho\u00e3n c\u00e1c s\u1ef1 ki\u1ec7n.<br>\u00a0Khi bi\u1ebft v\u1ec1 h\u1ed9i ngh\u1ecb truy\u1ec1n h\u00ecnh ZOOM v\u00e0o \u0111\u1ea7u th\u00e1ng 3, tr\u1ef1c gi\u00e1c m\u00e1ch b\u1ea3o t\u00f4i r\u1eb1ng thi\u1ebft b\u1ecb n\u00e0y r\u1ea5t c\u1ea7n thi\u1ebft \u0111\u1ec3 \u1ee9ng ph\u00f3 v\u1edbi virus Corona v\u00e0 tr\u1eadn \u0111\u1ed9ng \u0111\u1ea5t \u1edf th\u1ee7 \u0111\u00f4 s\u1eafp t\u1edbi.<\/p>\n\n\n\n<p>\u00a0Ch\u00fang t\u00f4i \u0111\u00e3 b\u1eaft \u0111\u1ea7u vi\u1ebft n\u00ean m\u1ed9t c\u00e2u chuy\u1ec7n m\u1edbi.<\/p>\n","protected":false},"excerpt":{"rendered":"Ban nh\u1ea1c Kokoro no uta Masamichi\u3000KITANI Tr\u01b0\u1edfng nh\u00f3m nh\u1ea1c Kokoro no uta Khi c\u00f2n nh\u1ecf, ngo\u00e0i anh ch\u1ecb em...","protected":false},"author":1,"featured_media":0,"parent":0,"menu_order":0,"comment_status":"closed","ping_status":"closed","template":"","meta":{"footnotes":""},"class_list":["post-258","page","type-page","status-publish","hentry"],"_links":{"self":[{"href":"https:\/\/kokoroigo.site\/index.php?rest_route=\/wp\/v2\/pages\/258","targetHints":{"allow":["GET"]}}],"collection":[{"href":"https:\/\/kokoroigo.site\/index.php?rest_route=\/wp\/v2\/pages"}],"about":[{"href":"https:\/\/kokoroigo.site\/index.php?rest_route=\/wp\/v2\/types\/page"}],"author":[{"embeddable":true,"href":"https:\/\/kokoroigo.site\/index.php?rest_route=\/wp\/v2\/users\/1"}],"replies":[{"embeddable":true,"href":"https:\/\/kokoroigo.site\/index.php?rest_route=%2Fwp%2Fv2%2Fcomments&post=258"}],"version-history":[{"count":4,"href":"https:\/\/kokoroigo.site\/index.php?rest_route=\/wp\/v2\/pages\/258\/revisions"}],"predecessor-version":[{"id":537,"href":"https:\/\/kokoroigo.site\/index.php?rest_route=\/wp\/v2\/pages\/258\/revisions\/537"}],"wp:attachment":[{"href":"https:\/\/kokoroigo.site\/index.php?rest_route=%2Fwp%2Fv2%2Fmedia&parent=258"}],"curies":[{"name":"wp","href":"https:\/\/api.w.org\/{rel}","templated":true}]}}