{"id":259,"date":"2020-04-24T03:37:37","date_gmt":"2020-04-23T18:37:37","guid":{"rendered":"http:\/\/kokoroigo.site\/wp\/?page_id=143"},"modified":"2020-06-12T05:31:26","modified_gmt":"2020-06-11T20:31:26","slug":"le-chant-du-coeur","status":"publish","type":"page","link":"https:\/\/kokoroigo.site\/?page_id=259&lang=fr","title":{"rendered":"Le chant du c\u0153ur"},"content":{"rendered":"\n<h2 class=\"wp-block-heading\">The Kokoro no Uta Band<\/h2>\n\n\n\n<div class=\"wp-block-columns is-layout-flex wp-container-core-columns-is-layout-9d6595d7 wp-block-columns-is-layout-flex\">\n<div class=\"wp-block-column is-layout-flow wp-block-column-is-layout-flow\" style=\"flex-basis:40%\">\n<figure class=\"wp-block-image size-large\"><img decoding=\"async\" src=\"https:\/\/kokoroigo.site\/wp\/wp-content\/uploads\/2020\/06\/kitani.jpg\" alt=\"\"\/><\/figure>\n<\/div>\n\n\n\n<div class=\"wp-block-column is-layout-flow wp-block-column-is-layout-flow\" style=\"flex-basis:66.66%\">\n<h3 class=\"wp-block-heading\">Masamichi KITANI<\/h3>\n\n\n\n<h4 class=\"wp-block-heading\">Chef du groupe Kokoro no Uta<\/h4>\n<\/div>\n<\/div>\n\n\n\n<p>Quand j&#8217;\u00e9tais enfant, de nombreux apprentis Go vivaient dans notre maison, en plus de mes propres fr\u00e8res et s\u0153urs.&nbsp;\u00c0 No\u00ebl et \u00e0 d&#8217;autres occasions festives, ma s\u0153ur a\u00een\u00e9e (14 ans au-dessus de moi) me faisait chanter en m&#8217;accompagnant au piano.&nbsp;La joie de chanter ensemble a vraiment d\u00e9teint sur moi.<\/p>\n\n\n\n<p>En cadeau pour me c\u00e9l\u00e9brer l&#8217;entr\u00e9e au lyc\u00e9e, une autre s\u0153ur (l\u00e9g\u00e8rement plus \u00e2g\u00e9e que moi) m&#8217;a achet\u00e9 une guitare.&nbsp;Depuis ce jour, j&#8217;ai toujours eu ma guitare avec moi et j&#8217;ai aim\u00e9 chanter avec tout le monde.<\/p>\n\n\n\n<p>En juillet 2001, \u00e0 l&#8217;\u00e2ge de 53 ans, une petite garderie \u00e0 domicile pour personnes \u00e2g\u00e9es a ouvert ses portes \u00e0 environ trois minutes de chez moi.&nbsp;Pour une raison quelconque, j&#8217;ai commenc\u00e9 \u00e0 chanter et \u00e0 jouer de la guitare l\u00e0-bas.&nbsp;Encore une fois, j&#8217;ai appr\u00e9ci\u00e9 le plaisir de chanter avec les autres.&nbsp;Je chante habituellement avec les personnes \u00e2g\u00e9es.&nbsp;Quand il y a eu un tremblement de terre majeur, j&#8217;ai chant\u00e9 avec des gens au centre d&#8217;\u00e9vacuation.<\/p>\n\n\n\n<p>En mars 2007, j&#8217;ai couru mon premier marathon complet et j&#8217;ai pris ma retraite un peu plus t\u00f4t que pr\u00e9vu du gouvernement m\u00e9tropolitain de Tokyo.<\/p>\n\n\n\n<p>En 2009, j&#8217;ai form\u00e9 le Kokoro no Uta Band.&nbsp;J&#8217;ai \u00e9t\u00e9 rejoint par DS Take DS (malentendants, chanteur de langue des signes), Yasuaki Maruyama (percussions vocales), Morihide Idenawa (base), Yasuko Miki (piano).&nbsp;Plus tard, nous avons \u00e9t\u00e9 rejoints par Kazuko Sano (percussions, interpr\u00e8te en langue des signes) et Haruna Kurishiro (chant).&nbsp;Chacun d&#8217;eux \u00e9tait incroyablement habile, et j&#8217;ai eu la chance de chanter avec eux.&nbsp;\u00c0 partir de 2008, nous avons commenc\u00e9 \u00e0 organiser des concerts dans la grande salle du Shinjuku Bunka Center, tout comme les groupes professionnels, m\u00eame si nous n&#8217;\u00e9tions qu&#8217;un groupe d&#8217;amateurs.<\/p>\n\n\n\n<p>En 2011, lorsque le grand tremblement de terre du Japon oriental a frapp\u00e9, nous avons chant\u00e9 au centre d&#8217;\u00e9vacuation du lyc\u00e9e Utatsu, dans la ville de Minamisanriku, dans la pr\u00e9fecture de Miyagi.\u00a0<br>En 2013, nous avons commenc\u00e9 des activit\u00e9s musicales avec des personnes pr\u00e9sentant un dysfonctionnement c\u00e9r\u00e9bral plus \u00e9lev\u00e9 et leurs familles.\u00a0<br>\u00c0 partir de 2014, notre groupe a \u00e9galement particip\u00e9 \u00e0 l&#8217;\u00e9v\u00e9nement \u00abGo-supporting Ofunato City\u00bb.\u00a0<br>\u00c0 partir de f\u00e9vrier 2017, j&#8217;ai enseign\u00e9 Go aux personnes atteintes de dysfonctionnement c\u00e9r\u00e9bral sup\u00e9rieur et \u00e0 leurs familles au Disability Support Center \u00e0 Ota Ward, Tokyo, et nous avons chant\u00e9 avec elles.\u00a0Beaucoup de choses incroyables se produisent et deviennent des souvenirs vraiment pr\u00e9cieux.<\/p>\n\n\n\n<p>Aujourd&#8217;hui, d\u00e9but 2020, le coronavirus menace le monde.\u00a0Nous sommes oblig\u00e9s de vivre dans l&#8217;isolement, loin des \u00e9v\u00e9nements et des contacts avec d&#8217;autres personnes.\u00a0Lorsque j&#8217;ai d\u00e9couvert la vid\u00e9oconf\u00e9rence ZOOM au d\u00e9but du mois de mars, j&#8217;ai intuitivement pens\u00e9 que cela \u00e9tait essentiel pour m&#8217;aider \u00e0 r\u00e9pondre au virus corona et aux cons\u00e9quences de tout futur tremblement de terre majeur \u00e0 Tokyo.\u00a0Nous avons commenc\u00e9 un nouveau chapitre dans nos vies.<\/p>\n","protected":false},"excerpt":{"rendered":"The Kokoro no Uta Band Masamichi KITANI Chef du groupe Kokoro no Uta Quand j&#8217;\u00e9tais enfant, de ...","protected":false},"author":1,"featured_media":0,"parent":0,"menu_order":0,"comment_status":"closed","ping_status":"closed","template":"","meta":{"footnotes":""},"class_list":["post-259","page","type-page","status-publish","hentry"],"_links":{"self":[{"href":"https:\/\/kokoroigo.site\/index.php?rest_route=\/wp\/v2\/pages\/259","targetHints":{"allow":["GET"]}}],"collection":[{"href":"https:\/\/kokoroigo.site\/index.php?rest_route=\/wp\/v2\/pages"}],"about":[{"href":"https:\/\/kokoroigo.site\/index.php?rest_route=\/wp\/v2\/types\/page"}],"author":[{"embeddable":true,"href":"https:\/\/kokoroigo.site\/index.php?rest_route=\/wp\/v2\/users\/1"}],"replies":[{"embeddable":true,"href":"https:\/\/kokoroigo.site\/index.php?rest_route=%2Fwp%2Fv2%2Fcomments&post=259"}],"version-history":[{"count":4,"href":"https:\/\/kokoroigo.site\/index.php?rest_route=\/wp\/v2\/pages\/259\/revisions"}],"predecessor-version":[{"id":539,"href":"https:\/\/kokoroigo.site\/index.php?rest_route=\/wp\/v2\/pages\/259\/revisions\/539"}],"wp:attachment":[{"href":"https:\/\/kokoroigo.site\/index.php?rest_route=%2Fwp%2Fv2%2Fmedia&parent=259"}],"curies":[{"name":"wp","href":"https:\/\/api.w.org\/{rel}","templated":true}]}}