{"id":265,"date":"2020-04-24T03:33:19","date_gmt":"2020-04-23T18:33:19","guid":{"rendered":"http:\/\/kokoroigo.site\/wp\/?page_id=138"},"modified":"2020-06-11T18:34:19","modified_gmt":"2020-06-11T09:34:19","slug":"demence-et-go","status":"publish","type":"page","link":"https:\/\/kokoroigo.site\/?page_id=265&lang=fr","title":{"rendered":"D\u00e9mence et go"},"content":{"rendered":"\n<h2 class=\"wp-block-heading\">Effets du jeu Go sur la pr\u00e9vention, la suppression de la progression et l&#8217;am\u00e9lioration de la d\u00e9mence<\/h2>\n\n\n\n<div class=\"wp-block-columns is-layout-flex wp-container-core-columns-is-layout-9d6595d7 wp-block-columns-is-layout-flex\">\n<div class=\"wp-block-column is-layout-flow wp-block-column-is-layout-flow\" style=\"flex-basis:40%\">\n<figure class=\"wp-block-image size-large\"><img decoding=\"async\" src=\"https:\/\/kokoroigo.site\/wp\/wp-content\/uploads\/2020\/06\/iiduka.jpg\" alt=\"\"\/><\/figure>\n<\/div>\n\n\n\n<div class=\"wp-block-column is-layout-flow wp-block-column-is-layout-flow\" style=\"flex-basis:66.66%\">\n<h3 class=\"wp-block-heading\">Ai IIZUKA<\/h3>\n\n\n\n<h4 class=\"wp-block-heading\">Chercheur (\u00e9quipe de recherche pour la participation sociale et la sant\u00e9 communautaire), Tokyo Metropolitan Institute of Gerontology<br>Doctor of Medicine, Board Certified Geriatrician of the Japan Geriatrics Society<\/h4>\n\n\n\n<p><\/p>\n<\/div>\n<\/div>\n\n\n\n<p>Avez-vous d\u00e9j\u00e0 entendu dire que le jeu de Go est id\u00e9al pour pr\u00e9venir la d\u00e9mence?\u00a0Go est un jeu qui donne des r\u00e9sultats dans la pr\u00e9vention, la suppression de la progression et l&#8217;am\u00e9lioration de la d\u00e9mence.<br>Pour maintenir les fonctions de votre cerveau, en plus de l&#8217;exercice physique et de l&#8217;alimentation, il est vraiment important de continuer \u00e0 utiliser votre esprit.\u00a0Il existe une gamme d&#8217;activit\u00e9s qui vous obligent \u00e0 utiliser votre t\u00eate, y compris la lecture et divers travaux manuels, mais parmi eux, un grand int\u00e9r\u00eat ces derni\u00e8res ann\u00e9es dans le monde entier s&#8217;est concentr\u00e9 sur les jeux de soci\u00e9t\u00e9.<br>Il existe de nombreux jeux de soci\u00e9t\u00e9 diff\u00e9rents, y compris les \u00e9checs shogi japonais, le mahjong et l&#8217;Othello, et chacun d&#8217;eux a ses propres caract\u00e9ristiques.\u00a0Je pense que le jeu de Go a les caract\u00e9ristiques suivantes.<\/p>\n\n\n\n<ol class=\"wp-block-list\"><li>Les r\u00e8gles de Go sont simples, donc tout le monde peut en profiter.<\/li><li>Les joueurs sont confront\u00e9s \u00e0 une gamme infinie de choix de mouvements, et donc le jeu stimule vraiment le cerveau.<\/li><li>Les joueurs doivent voir la situation dans son ensemble tout en faisant attention aux diff\u00e9rents emplacements sur le plateau<\/li><li>Il est n\u00e9cessaire d&#8217;utiliser diff\u00e9rentes fonctions cognitives selon le stade du jeu, que ce soit le d\u00e9but, le milieu ou la fin.<\/li><\/ol>\n\n\n\n<p>Go a ces qualit\u00e9s, comme aucun autre jeu.\u00a0La recherche a sugg\u00e9r\u00e9 que Go am\u00e9liore l&#8217;attention et la m\u00e9moire de travail (capacit\u00e9s li\u00e9es \u00e0 la m\u00e9moire) des personnes \u00e2g\u00e9es et peut \u00e9ventuellement activer des fonctions c\u00e9r\u00e9brales sup\u00e9rieures fortement li\u00e9es \u00e0 la vie quotidienne, telles que celles des noyaux gris centraux et du lobe frontal (Iizuka, 2018, 2019, 2020).<\/p>\n\n\n\n<figure class=\"wp-block-image size-large\"><img loading=\"lazy\" decoding=\"async\" width=\"787\" height=\"490\" src=\"https:\/\/kokoroigo.site\/wp\/wp-content\/uploads\/2020\/05\/grf1.png\" alt=\"\" class=\"wp-image-139\" srcset=\"https:\/\/kokoroigo.site\/wp\/wp-content\/uploads\/2020\/05\/grf1.png 787w, https:\/\/kokoroigo.site\/wp\/wp-content\/uploads\/2020\/05\/grf1-300x187.png 300w, https:\/\/kokoroigo.site\/wp\/wp-content\/uploads\/2020\/05\/grf1-768x478.png 768w\" sizes=\"auto, (max-width: 787px) 100vw, 787px\" \/><\/figure>\n\n\n\n<p>Ces d\u00e9couvertes m&#8217;am\u00e8nent \u00e0 croire que commencer \u00e0 jouer au Go ou continuer \u00e0 en profiter comme passe-temps peut supprimer l&#8217;apparition de la d\u00e9mence, ralentir sa progression et l&#8217;am\u00e9liorer.&nbsp;Go est un exemple d&#8217;apprentissage tout au long de la vie qui ne se fatiguera jamais et est un jeu qui relie les gens les uns aux autres.&nbsp;Commen\u00e7ons tous \u00e0 jouer \u00e0 Go comme un nouveau but dans nos vies !!<\/p>\n\n\n\n<p>R\u00e9f\u00e9rences<\/p>\n\n\n\n<ul class=\"wp-block-list\"><li>Iizuka A et al.&nbsp;Substrat neuronal d&#8217;un programme d&#8217;intervention cognitive utilisant le jeu de Go: une \u00e9tude par tomographie par \u00e9mission de positrons.&nbsp;<em>Vieillissement Clin Exp Res.&nbsp;<\/em>2020 17 janvier.<\/li><li>Iizuka A et al.&nbsp;L&#8217;interaction sociale influence-t-elle les programmes d&#8217;intervention cognitive?&nbsp;Un essai contr\u00f4l\u00e9 randomis\u00e9 utilisant Go Game.&nbsp;<em>Journal international de psychiatrie g\u00e9riatrique<\/em>&nbsp;, 34, pp. 324-332.&nbsp;2019.<\/li><li>Iizuka A et al.&nbsp;Essai contr\u00f4l\u00e9 randomis\u00e9 pilote de l&#8217;intervention du jeu GO sur la fonction cognitive.&nbsp;<em>American Journal of Alzheimer&#8217;s Disease and Other Dementias,<\/em>&nbsp;33 (3), p. 192-198.&nbsp;2018.<\/li><\/ul>\n\n\n\n<p><\/p>\n","protected":false},"excerpt":{"rendered":"Effets du jeu Go sur la pr\u00e9vention, la suppression de la progression et l&#8217;am\u00e9lioration de la d...","protected":false},"author":1,"featured_media":0,"parent":0,"menu_order":0,"comment_status":"closed","ping_status":"closed","template":"","meta":{"footnotes":""},"class_list":["post-265","page","type-page","status-publish","hentry"],"_links":{"self":[{"href":"https:\/\/kokoroigo.site\/index.php?rest_route=\/wp\/v2\/pages\/265","targetHints":{"allow":["GET"]}}],"collection":[{"href":"https:\/\/kokoroigo.site\/index.php?rest_route=\/wp\/v2\/pages"}],"about":[{"href":"https:\/\/kokoroigo.site\/index.php?rest_route=\/wp\/v2\/types\/page"}],"author":[{"embeddable":true,"href":"https:\/\/kokoroigo.site\/index.php?rest_route=\/wp\/v2\/users\/1"}],"replies":[{"embeddable":true,"href":"https:\/\/kokoroigo.site\/index.php?rest_route=%2Fwp%2Fv2%2Fcomments&post=265"}],"version-history":[{"count":4,"href":"https:\/\/kokoroigo.site\/index.php?rest_route=\/wp\/v2\/pages\/265\/revisions"}],"predecessor-version":[{"id":511,"href":"https:\/\/kokoroigo.site\/index.php?rest_route=\/wp\/v2\/pages\/265\/revisions\/511"}],"wp:attachment":[{"href":"https:\/\/kokoroigo.site\/index.php?rest_route=%2Fwp%2Fv2%2Fmedia&parent=265"}],"curies":[{"name":"wp","href":"https:\/\/api.w.org\/{rel}","templated":true}]}}