{"id":271,"date":"2020-04-24T03:20:56","date_gmt":"2020-04-23T18:20:56","guid":{"rendered":"http:\/\/kokoroigo.site\/wp\/?page_id=131"},"modified":"2020-06-09T07:14:42","modified_gmt":"2020-06-08T22:14:42","slug":"%e9%98%b2%e7%81%bd-5","status":"publish","type":"page","link":"https:\/\/kokoroigo.site\/?page_id=271&lang=fr","title":{"rendered":"Pr\u00e9vention des catastrophes"},"content":{"rendered":"\n<h2 class=\"wp-block-heading\">Un tremblement de terre majeur directement sous la capitale<\/h2>\n\n\n\n<h3 class=\"has-text-align-center wp-block-heading\">Chacun de nous doit se pr\u00e9parer \u00e0 la fois<\/h3>\n\n\n\n<div class=\"wp-block-columns is-layout-flex wp-container-core-columns-is-layout-9d6595d7 wp-block-columns-is-layout-flex\">\n<div class=\"wp-block-column is-layout-flow wp-block-column-is-layout-flow\" style=\"flex-basis:40%\">\n<figure class=\"wp-block-image size-large\"><img decoding=\"async\" src=\"https:\/\/kokoroigo.site\/wp\/wp-content\/uploads\/2020\/06\/nakabayashi.jpg\" alt=\"\"\/><\/figure>\n<\/div>\n\n\n\n<div class=\"wp-block-column is-layout-flow wp-block-column-is-layout-flow\" style=\"flex-basis:66.66%\">\n<h3 class=\"wp-block-heading\">Itsuki NAKABAYASI<\/h3>\n\n\n\n<h4 class=\"wp-block-heading\">Professeur \u00e9m\u00e9rite (Tokyo Metropolitan University) et repr\u00e9sentant du comit\u00e9 ex\u00e9cutif de la Tokyo Disaster Preparedness Week<\/h4>\n<\/div>\n<\/div>\n\n\n\n<p>Le 1er septembre 2023 marquera le centenaire du grand tremblement de terre de Kanto qui a tu\u00e9 105 000 personnes &#8211; la catastrophe sismique la plus d\u00e9vastatrice de l&#8217;histoire japonaise. Au cours de ces 97 derni\u00e8res ann\u00e9es, aucune autre catastrophe de ce type n\u2019a frapp\u00e9 les 36 millions de personnes vivant dans la r\u00e9gion m\u00e9tropolitaine de Tokyo. Et pourtant, au cours des 150 ann\u00e9es qui ont pr\u00e9c\u00e9d\u00e9 le grand tremblement de terre de Kanto en 1923, il y a eu huit tremblements de terre centr\u00e9s \u00e0 l&#8217;int\u00e9rieur des terres, directement sous la capitale. Au cours de cette p\u00e9riode, la zone situ\u00e9e au-del\u00e0 de la zone du quartier central de Tokyo \u00e9tait enti\u00e8rement constitu\u00e9e de terres agricoles, de sorte que les dommages \u00e9taient minimes.<\/p>\n\n\n\n<p>On pense que le prochain tremblement de terre de Kanto se produira 200 \u00e0 400 ans plus tard, et qu&#8217;au cours des 150 ann\u00e9es pr\u00e9c\u00e9dant cet \u00e9v\u00e9nement, il y aura un tremblement de terre de magnitude 7 quelque part dans la r\u00e9gion m\u00e9tropolitaine de Tokyo. Ce sera un tremblement de terre \u00e0 Tokyo directement sous la capitale. Si cela se produit sous la zone de quartier de Tokyo o\u00f9 la concentration de personnes et de b\u00e2timents est \u00e0 son maximum, des dommages maximaux en r\u00e9sulteront.<\/p>\n\n\n\n<p>Il existe une probabilit\u00e9 de 70% que le premier tremblement de terre de ce type se produise au cours des 30 prochaines ann\u00e9es. Le gouvernement du Japon estime qu&#8217;un tremblement de terre directement sous la partie sud de Tokyo tuerait 23 000 personnes et d\u00e9truirait 200 000 b\u00e2timents. Les incendies qui ont suivi auraient d\u00e9truit 410 000 b\u00e2timents suppl\u00e9mentaires. Ce serait six fois l&#8217;ampleur de la destruction du grand tremblement de terre de Hanshin-Awaji de 1995 et cinq fois plus destructrice que la catastrophe du grand tremblement de terre du Japon oriental de 2011.<\/p>\n\n\n\n<p>Le drame NHK Parallel Tokyo auquel j&#8217;\u00e9tais impliqu\u00e9 \u00e9tait bas\u00e9 sur le sc\u00e9nario d&#8217;un tel tremblement de terre directement sous la partie sud de Tokyo. Pendant la production, j&#8217;ai ajout\u00e9 une discussion non seulement sur la menace du tremblement de terre mais aussi sur la fa\u00e7on dont les gens pouvaient s&#8217;y pr\u00e9parer. N\u00e9anmoins, juste avant la diffusion du drame, nous avons d\u00e9cid\u00e9 de mettre fin \u00e0 \u00abc&#8217;est une menace permanente\u00bb. En guise de compromis, au lieu de ressentir \u00abnous allons tous y arriver d&#8217;une mani\u00e8re ou d&#8217;une autre\u00bb pour le drame, nous avons tent\u00e9 de laisser au public le message que les dommages ne seront pas r\u00e9duits \u00e0 moins que vous, le spectateur, ne vous impliquiez.<\/p>\n","protected":false},"excerpt":{"rendered":"Un tremblement de terre majeur directement sous la capitale Chacun de nous doit se pr\u00e9parer \u00e0 la foi...","protected":false},"author":1,"featured_media":0,"parent":0,"menu_order":0,"comment_status":"closed","ping_status":"closed","template":"","meta":{"footnotes":""},"class_list":["post-271","page","type-page","status-publish","hentry"],"_links":{"self":[{"href":"https:\/\/kokoroigo.site\/index.php?rest_route=\/wp\/v2\/pages\/271","targetHints":{"allow":["GET"]}}],"collection":[{"href":"https:\/\/kokoroigo.site\/index.php?rest_route=\/wp\/v2\/pages"}],"about":[{"href":"https:\/\/kokoroigo.site\/index.php?rest_route=\/wp\/v2\/types\/page"}],"author":[{"embeddable":true,"href":"https:\/\/kokoroigo.site\/index.php?rest_route=\/wp\/v2\/users\/1"}],"replies":[{"embeddable":true,"href":"https:\/\/kokoroigo.site\/index.php?rest_route=%2Fwp%2Fv2%2Fcomments&post=271"}],"version-history":[{"count":5,"href":"https:\/\/kokoroigo.site\/index.php?rest_route=\/wp\/v2\/pages\/271\/revisions"}],"predecessor-version":[{"id":459,"href":"https:\/\/kokoroigo.site\/index.php?rest_route=\/wp\/v2\/pages\/271\/revisions\/459"}],"wp:attachment":[{"href":"https:\/\/kokoroigo.site\/index.php?rest_route=%2Fwp%2Fv2%2Fmedia&parent=271"}],"curies":[{"name":"wp","href":"https:\/\/api.w.org\/{rel}","templated":true}]}}