{"id":276,"date":"2020-04-24T03:27:30","date_gmt":"2020-04-23T18:27:30","guid":{"rendered":"http:\/\/kokoroigo.site\/wp\/?page_id=136"},"modified":"2020-06-09T13:31:11","modified_gmt":"2020-06-09T04:31:11","slug":"nguoi-khuyet-tat","status":"publish","type":"page","link":"https:\/\/kokoroigo.site\/?page_id=276&lang=vi","title":{"rendered":"Ng\u01b0\u1eddi Khuy\u1ebft t\u1eadt"},"content":{"rendered":"\n<h2 class=\"wp-block-heading\">&#8220;C\u1edd v\u00e2y cho ng\u01b0\u1eddi khuy\u1ebft t\u1eadt&#8221; c\u00f3 th\u1ec3 l\u00e0 m\u1ed9t b\u01b0\u1edbc ti\u1ebfn l\u1edbn trong h\u00e0nh tr\u00ecnh thay \u0111\u1ed5i th\u1ebf gi\u1edbi<\/h2>\n\n\n\n<div class=\"wp-block-columns is-layout-flex wp-container-core-columns-is-layout-9d6595d7 wp-block-columns-is-layout-flex\">\n<div class=\"wp-block-column is-layout-flow wp-block-column-is-layout-flow\" style=\"flex-basis:40%\">\n<figure class=\"wp-block-image size-large\"><img decoding=\"async\" src=\"https:\/\/kokoroigo.site\/wp\/wp-content\/uploads\/2020\/06\/asano.jpg\" alt=\"\"\/><\/figure>\n\n\n\n<p><\/p>\n<\/div>\n\n\n\n<div class=\"wp-block-column is-layout-flow wp-block-column-is-layout-flow\" style=\"flex-basis:66.66%\">\n<h3 class=\"wp-block-heading\">\u6d45\u91ce \u53f2\u90ce\uff08Shiro\u3000ASANO\uff09<\/h3>\n\n\n\n<h4 class=\"wp-block-heading\">Gi\u1ea3ng vi\u00ean th\u1ec9nh gi\u1ea3ng, \u0110\u1ea1i h\u1ecdc Kanagawa<br> (Nguy\u00ean Ch\u1ee7 t\u1ecbch t\u1ec9nh Miyagi)<\/h4>\n\n\n\n<p><\/p>\n<\/div>\n<\/div>\n\n\n\n<p>\u3000C\u1edd v\u00e2y \u0111ang d\u1ea7n tr\u1edf th\u00e0nh m\u1ed9t th\u00fa vui \u0111\u1ed1i v\u1edbi ng\u01b0\u1eddi khuy\u1ebft t\u1eadt. B\u1ea3n th\u00e2n t\u00f4i kh\u00f4ng ph\u1ea3i l\u00e0 m\u1ed9t k\u1ef3 th\u1ee7 c\u1edd v\u00e2y chuy\u00ean nghi\u1ec7p, nh\u01b0ng t\u00f4i c\u00f3 m\u1ed9t s\u1ed1 hi\u1ec3u bi\u1ebft s\u00e2u s\u1eafc v\u1ec1 ng\u01b0\u1eddi khuy\u1ebft t\u1eadt. T\u1eeb quan \u0111i\u1ec3m \u0111\u00f3, t\u00f4i mu\u1ed1n chia s\u1ebb suy ngh\u0129 v\u1ec1 &#8220;Ng\u01b0\u1eddi khuy\u1ebft t\u1eadt v\u00e0 c\u1edd v\u00e2y&#8221;.<\/p>\n\n\n\n<p>\u3000Ng\u01b0\u1eddi khuy\u1ebft t\u1eadt ch\u01a1i c\u1edd v\u00e2y v\u00ec n\u00f3 mang l\u1ea1i ni\u1ec1m vui cho h\u1ecd. Khi \u0111\u00e1nh c\u1edd v\u1edbi \u0111\u1ed1i ph\u01b0\u01a1ng, ta c\u00f3 c\u01a1 h\u1ed9i \u0111\u01b0\u1ee3c giao ti\u1ebfp v\u1edbi ng\u01b0\u1eddi \u0111\u1ed1i di\u1ec7n. \u0110\u1eb7c bi\u1ec7t \u0111\u1ed1i v\u1edbi nh\u1eefng ng\u01b0\u1eddi khuy\u1ebft t\u1eadt \u00edt c\u00f3 kinh nghi\u1ec7m giao ti\u1ebfp v\u1edbi ng\u01b0\u1eddi kh\u00e1c, c\u1edd v\u00e2y mang \u0111\u1ebfn cho h\u1ecd m\u1ed9t c\u01a1 h\u1ed9i \u0111\u01b0\u1ee3c giao l\u01b0u v\u1edbi th\u1ebf gi\u1edbi.<\/p>\n\n\n\n<p>\u3000Kh\u00f4ng ch\u1ec9 gi\u1edbi h\u1ea1n \u1edf ni\u1ec1m vui, \u0111\u1ed1i v\u1edbi nh\u1eefng ng\u01b0\u1eddi b\u1ecb suy gi\u1ea3m ch\u1ee9c n\u0103ng n\u00e3o, ch\u01a1i c\u1edd v\u00e2y c\u00f2n gi\u00fap c\u1ea3i thi\u1ec7n t\u00ecnh tr\u1ea1ng s\u1ee9c kh\u1ecfe. Nh\u1eefng ng\u01b0\u1eddi khuy\u1ebft t\u1eadt ch\u1eadm ph\u00e1t tri\u1ec3n c\u00f3 th\u1ec3 r\u00e8n luy\u1ec7n kh\u1ea3 n\u0103ng t\u1eadp trung v\u00e0 n\u0103ng l\u1ef1c ch\u00fa \u00fd c\u1ee7a h\u1ecd th\u00f4ng qua c\u1edd v\u00e2y. \u0110\u1ed1i v\u1edbi ng\u01b0\u1eddi khuy\u1ebft t\u1eadt th\u00ec \u0111\u00e2y l\u1ea1i l\u00e0 ni\u1ec1m h\u00e0nh ph\u00fac l\u1edbn lao h\u01a1n c\u1ea3.<\/p>\n\n\n\n<p>\u3000Nhi\u1ec1u ng\u01b0\u1eddi kh\u00f4ng kh\u1ecfi ng\u1ea1c nhi\u00ean v\u00e0 ng\u01b0\u1ee1ng m\u1ed9 khi nh\u00ecn th\u1ea5y ng\u01b0\u1eddi khuy\u1ebft t\u1eadt ch\u01a1i c\u1edd v\u00e2y. V\u00e0 t\u00f4i l\u00e0 m\u1ed9t trong s\u1ed1 h\u1ecd. Ng\u01b0\u1eddi khi\u1ebfm th\u1ecb ch\u01a1i c\u1edd v\u00e2y b\u1eb1ng c\u00e1ch s\u1eed d\u1ee5ng aigo (b\u00e0n c\u1edd \u0111\u01b0\u1ee3c thi\u1ebft k\u1ebf d\u00e0nh cho ng\u01b0\u1eddi khi\u1ebfm th\u1ecb) v\u00e0 ng\u01b0\u1eddi khuy\u1ebft t\u1eadt n\u1eb7ng \u0111\u1ebfn m\u1ee9c kh\u00f4ng th\u1ec3 nh\u1ea5c \u0111\u01b0\u1ee3c qu\u00e2n c\u1edd l\u00ean c\u0169ng c\u00f3 th\u1ec3 thi \u0111\u1ea5u v\u1edbi m\u1ed9t ng\u01b0\u1eddi kh\u1ecfe m\u1ea1nh. Aigo \u0111\u01b0\u1ee3c ph\u1ee5c h\u01b0ng b\u1edfi \u00f4ng Mitsuharu Kakijima, ch\u1ee7 t\u1ecbch Hi\u1ec7p h\u1ed9i c\u1edd v\u00e2y Nh\u1eadt B\u1ea3n v\u00e0 \u0111\u01b0\u1ee3c s\u1ea3n xu\u1ea5t t\u1ea1i &#8220;Shinwaya Ekubo,&#8221; m\u1ed9t c\u01a1 s\u1edf h\u1ed7 tr\u1ee3 vi\u1ec7c l\u00e0m cho ng\u01b0\u1eddi khuy\u1ebft t\u1eadt tr\u00ed tu\u1ec7 \u1edf Manda, Hiratsuka.<\/p>\n\n\n\n<p>\u3000Ng\u01b0\u1eddi khuy\u1ebft t\u1eadt n\u1eb7ng ch\u01a1i c\u1edd v\u00e2y, ng\u01b0\u1eddi khuy\u1ebft t\u1eadt tr\u00ed tu\u1ec7 t\u1ea1o ra c\u00e1c s\u1ea3n ph\u1ea9m nh\u01b0 aigo. Ch\u1ec9 th\u1ebf th\u00f4i \u0111\u00e3 \u0111\u1ee7 l\u00e0m ph\u00e1 v\u1ee1 nh\u1eefng hi\u1ec3u l\u1ea7m v\u00e0 \u0111\u1ecbnh ki\u1ebfn nh\u01b0 &#8220;Ng\u01b0\u1eddi khuy\u1ebft t\u1eadt kh\u00f4ng th\u1ec3 l\u00e0m g\u00ec c\u1ea3, h\u1ecd th\u1eadt \u0111\u00e1ng th\u01b0\u01a1ng&#8221;. C\u00f3 v\u1ebb nh\u01b0 th\u1ebf v\u1eadn h\u1ed9i Paralympic \u0111\u00e3 g\u00f3p ph\u1ea7n thay \u0111\u1ed5i nh\u1eadn th\u1ee9c v\u1ec1 ng\u01b0\u1eddi khuy\u1ebft t\u1eadt \u1edf m\u1ed9t m\u1ee9c \u0111\u1ed9 n\u00e0o \u0111\u00f3, nh\u01b0ng v\u1eabn c\u00f3 nhi\u1ec1u ng\u01b0\u1eddi kh\u00f4ng th\u1ec3 tho\u00e1t kh\u1ecfi c\u1ea3m gi\u00e1c r\u1eb1ng &#8220;ng\u01b0\u1eddi khuy\u1ebft t\u1eadt kh\u00e1c v\u1edbi ch\u00ednh h\u1ecd&#8221;. T\u00f4i mong mu\u1ed1n h\u1ecd c\u00f3 th\u1ec3 ch\u1ee9ng ki\u1ebfn h\u00ecnh \u1ea3nh ng\u01b0\u1eddi khuy\u1ebft t\u1eadt vui v\u1ebb ch\u01a1i c\u1edd v\u00e2y.<\/p>\n\n\n\n<p>\u3000N\u1ebfu nh\u01b0 ch\u00fang ta nh\u1eadn th\u1ee9c \u0111\u01b0\u1ee3c &#8220;c\u1edd v\u00e2y cho ng\u01b0\u1eddi khuy\u1ebft t\u1eadt&#8221; c\u00f3 ngh\u0129a l\u00e0 ch\u00fang ta \u0111\u00e3 t\u00ecm \u0111\u1ebfn \u0111\u01b0\u1ee3c c\u00e1nh c\u1eeda m\u1edf ra m\u1ed9t l\u1ed7 h\u1ed5ng tr\u00ean b\u1ee9c t\u01b0\u1eddng ng\u0103n c\u00e1ch ng\u01b0\u1eddi c\u00f3 v\u00e0 kh\u00f4ng c\u00f3 khuy\u1ebft t\u1eadt. T\u00f4i k\u1ef3 v\u1ecdng r\u1eb1ng &#8220;c\u1edd v\u00e2y cho ng\u01b0\u1eddi khuy\u1ebft t\u1eadt&#8221; s\u1ebd l\u00e0 m\u1ed9t b\u01b0\u1edbc ti\u1ebfn l\u1edbn trong h\u00e0nh tr\u00ecnh thay \u0111\u1ed5i th\u1ebf gi\u1edbi.<\/p>\n\n\n\n<p><\/p>\n","protected":false},"excerpt":{"rendered":"&#8220;C\u1edd v\u00e2y cho ng\u01b0\u1eddi khuy\u1ebft t\u1eadt&#8221; c\u00f3 th\u1ec3 l\u00e0 m\u1ed9t b\u01b0\u1edbc ti\u1ebfn l\u1edbn trong h\u00e0nh tr\u00ecnh thay \u0111\u1ed5i th\u1ebf ...","protected":false},"author":1,"featured_media":0,"parent":0,"menu_order":0,"comment_status":"closed","ping_status":"closed","template":"","meta":{"footnotes":""},"class_list":["post-276","page","type-page","status-publish","hentry"],"_links":{"self":[{"href":"https:\/\/kokoroigo.site\/index.php?rest_route=\/wp\/v2\/pages\/276","targetHints":{"allow":["GET"]}}],"collection":[{"href":"https:\/\/kokoroigo.site\/index.php?rest_route=\/wp\/v2\/pages"}],"about":[{"href":"https:\/\/kokoroigo.site\/index.php?rest_route=\/wp\/v2\/types\/page"}],"author":[{"embeddable":true,"href":"https:\/\/kokoroigo.site\/index.php?rest_route=\/wp\/v2\/users\/1"}],"replies":[{"embeddable":true,"href":"https:\/\/kokoroigo.site\/index.php?rest_route=%2Fwp%2Fv2%2Fcomments&post=276"}],"version-history":[{"count":5,"href":"https:\/\/kokoroigo.site\/index.php?rest_route=\/wp\/v2\/pages\/276\/revisions"}],"predecessor-version":[{"id":498,"href":"https:\/\/kokoroigo.site\/index.php?rest_route=\/wp\/v2\/pages\/276\/revisions\/498"}],"wp:attachment":[{"href":"https:\/\/kokoroigo.site\/index.php?rest_route=%2Fwp%2Fv2%2Fmedia&parent=276"}],"curies":[{"name":"wp","href":"https:\/\/api.w.org\/{rel}","templated":true}]}}