{"id":277,"date":"2020-04-24T03:27:30","date_gmt":"2020-04-23T18:27:30","guid":{"rendered":"http:\/\/kokoroigo.site\/wp\/?page_id=136"},"modified":"2020-06-09T13:13:14","modified_gmt":"2020-06-09T04:13:14","slug":"personnes-handicapees","status":"publish","type":"page","link":"https:\/\/kokoroigo.site\/?page_id=277&lang=fr","title":{"rendered":"Personnes handicap\u00e9es"},"content":{"rendered":"\n<h2 class=\"wp-block-heading\">\u00abAllez pour les handicap\u00e9s\u00bb fait un grand pas qui pourrait changer le monde<\/h2>\n\n\n\n<div class=\"wp-block-columns is-layout-flex wp-container-core-columns-is-layout-9d6595d7 wp-block-columns-is-layout-flex\">\n<div class=\"wp-block-column is-layout-flow wp-block-column-is-layout-flow\" style=\"flex-basis:40%\">\n<figure class=\"wp-block-image size-large\"><img decoding=\"async\" src=\"https:\/\/kokoroigo.site\/wp\/wp-content\/uploads\/2020\/06\/asano.jpg\" alt=\"\"\/><\/figure>\n<\/div>\n\n\n\n<div class=\"wp-block-column is-layout-flow wp-block-column-is-layout-flow\" style=\"flex-basis:66.66%\">\n<h3 class=\"wp-block-heading\">Shiro ASANO<\/h3>\n\n\n\n<h4 class=\"wp-block-heading\">professeur sp\u00e9cialement invit\u00e9, Univers it\u00e9 de Kanagawa<br> (ancien gouverneur de la pr\u00e9fecture de Miyagi)<\/h4>\n\n\n\n<p><\/p>\n<\/div>\n<\/div>\n\n\n\n<p>Les personnes handicap\u00e9es physiques et mentales appr\u00e9cient le jeu de soci\u00e9t\u00e9 japonais de Go. Bien que je sois un \u00e9tranger au monde de Go, j&#8217;ai un aper\u00e7u des personnes handicap\u00e9es. Je voudrais consid\u00e9rer les choses de leur point de vue et r\u00e9fl\u00e9chir au sujet de Go et des handicap\u00e9s.<\/p>\n\n\n\n<p>Les personnes handicap\u00e9es jouent \u00e0 Go parce que c&#8217;est amusant. Dans Go, vous avez un adversaire. Lorsque vous jouez au jeu, vous communiquez avec votre adversaire. Pour les personnes handicap\u00e9es qui n&#8217;ont pas beaucoup d&#8217;exp\u00e9rience en communication avec les autres, Go leur offre une excellente opportunit\u00e9. Cela en soi est agr\u00e9able.<\/p>\n\n\n\n<p>Et ce n&#8217;est pas seulement amusant. Pour les personnes ayant un dysfonctionnement c\u00e9r\u00e9bral plus \u00e9lev\u00e9, jouer \u00e0 Go aide \u00e0 am\u00e9liorer leur handicap. Les personnes ayant une d\u00e9ficience intellectuelle peuvent am\u00e9liorer leurs capacit\u00e9s de concentration et d&#8217;attention gr\u00e2ce \u00e0 Go. Aller est merveilleux pour les handicap\u00e9s.<\/p>\n\n\n\n<p>Certaines personnes sont surprises et impressionn\u00e9es quand elles voient des personnes handicap\u00e9es jouer au Go. J&#8217;\u00e9tais l&#8217;un des leurs. Les personnes malvoyantes ont utilis\u00e9 une planche tactile sp\u00e9ciale <em>Aigo<\/em> Go pour jouer. Une personne ayant un handicap si grave qu&#8217;elle ne peut pas tenir une pierre de Go peut jouer une personne normale. Soit dit en passant, le conseil d&#8217;administration de <em>Aigo<\/em> Go a \u00e9t\u00e9 relanc\u00e9 par Mitsuharu Kakishima, le directeur repr\u00e9sentant de la Japan Go Society pour les malvoyants. Shinwaya Ekubo, un centre d&#8217;aide \u00e0 l&#8217;emploi pour les personnes handicap\u00e9es mentales \u00e0 Manda, Hiratsuka City, est impliqu\u00e9 dans la production de panneaux. Les personnes gravement handicap\u00e9es jouent \u00e0 Go et les personnes handicap\u00e9es intellectuelles fabriquent la carte tactile et d&#8217;autres produits. Lorsque vous le savez, l\u2019attitude erron\u00e9e et pr\u00e9judiciable des \u00abpersonnes handicap\u00e9es ne peut rien faire, les pauvres\u00bb s\u2019efface. Il semble que dans une certaine mesure, les Jeux paralympiques ont aid\u00e9 les gens ordinaires \u00e0 mieux comprendre les personnes handicap\u00e9es. Mais nombreux sont ceux qui ne peuvent pas perdre le sentiment que les personnes handicap\u00e9es sont diff\u00e9rentes d\u2019elles-m\u00eames. Je veux qu&#8217;ils regardent les personnes handicap\u00e9es profiter de Go.<\/p>\n","protected":false},"excerpt":{"rendered":"\u00abAllez pour les handicap\u00e9s\u00bb fait un grand pas qui pourrait changer le monde Shiro ASANO professeur s...","protected":false},"author":1,"featured_media":0,"parent":0,"menu_order":0,"comment_status":"closed","ping_status":"closed","template":"","meta":{"footnotes":""},"class_list":["post-277","page","type-page","status-publish","hentry"],"_links":{"self":[{"href":"https:\/\/kokoroigo.site\/index.php?rest_route=\/wp\/v2\/pages\/277","targetHints":{"allow":["GET"]}}],"collection":[{"href":"https:\/\/kokoroigo.site\/index.php?rest_route=\/wp\/v2\/pages"}],"about":[{"href":"https:\/\/kokoroigo.site\/index.php?rest_route=\/wp\/v2\/types\/page"}],"author":[{"embeddable":true,"href":"https:\/\/kokoroigo.site\/index.php?rest_route=\/wp\/v2\/users\/1"}],"replies":[{"embeddable":true,"href":"https:\/\/kokoroigo.site\/index.php?rest_route=%2Fwp%2Fv2%2Fcomments&post=277"}],"version-history":[{"count":2,"href":"https:\/\/kokoroigo.site\/index.php?rest_route=\/wp\/v2\/pages\/277\/revisions"}],"predecessor-version":[{"id":490,"href":"https:\/\/kokoroigo.site\/index.php?rest_route=\/wp\/v2\/pages\/277\/revisions\/490"}],"wp:attachment":[{"href":"https:\/\/kokoroigo.site\/index.php?rest_route=%2Fwp%2Fv2%2Fmedia&parent=277"}],"curies":[{"name":"wp","href":"https:\/\/api.w.org\/{rel}","templated":true}]}}